{"id":158,"date":"2016-04-04T11:59:04","date_gmt":"2016-04-04T09:59:04","guid":{"rendered":"http:\/\/cscp.dev.elancer-team.de\/?page_id=158"},"modified":"2022-12-16T17:12:58","modified_gmt":"2022-12-16T16:12:58","slug":"impressum","status":"publish","type":"page","link":"https:\/\/www.cscp.org\/de\/imprint\/","title":{"rendered":"IMPRESSUM"},"content":{"rendered":"<div class=\"wpb-content-wrapper\"><div class=\"vc_row wpb_row vc_row-fluid\"><div class=\"wpb_column vc_column_container vc_col-md-2\"><div class=\"vc_column-inner\"><div class=\"wpb_wrapper\"><\/div><\/div><\/div><div class=\"wpb_column vc_column_container vc_col-md-8\"><div class=\"vc_column-inner\"><div class=\"wpb_wrapper\">\n\t<div class=\"wpb_text_column wpb_content_element\" >\n\t\t<div class=\"wpb_wrapper\">\n\t\t\t<h1>Hinweis zur Website<\/h1>\n<h2>Informationen nach \u00a7 5 Telemediengesetz (TMG)<\/h2>\n<p>Collaborating Centre on Sustainable Consumption and Production gGmbH (CSCP)<br \/>\nHagenauer Str. 30<br \/>\n42107 Wuppertal<\/p>\n<p>Handelsregister: HRB 20060<br \/>\nRegistergericht: Amtsgericht Wuppertal<\/p>\n<p><strong>Vertreten durch:<\/strong><br \/>\nMichael Kuhndt<\/p>\n<h2>Kontakt<\/h2>\n<p>Telefon: +49 202 459 58 10<br \/>\nTelefax: +49 202 459 58 31<br \/>\nE-Mail: info@cscp.org<\/p>\n<h2>UMSATZSTEUERIDENTIFIKATIONSNUMMER<\/h2>\n<p>Umsatzsteuer-Identifikationsnummer gem\u00e4\u00df \u00a7 27 a Umsatzsteuergesetz:<br \/>\nDE250910282<\/p>\n<h2>Verantwortliche Person f\u00fcr die Redaktion<\/h2>\n<p>Kooperationsstelle f\u00fcr Nachhaltigen Konsum und Produktion gGmbH<br \/>\nHagenauer Str. 30<br \/>\n42107 Wuppertal<br \/>\nDeutschland<\/p>\n<h2>EU-Streitbeilegung<\/h2>\n<p>Die Europ\u00e4ische Kommission stellt eine Plattform f\u00fcr die Online-Streitbeilegung (ODR) bereit: <a href=\"https:\/\/ec.europa.eu\/consumers\/odr\/\" target=\"_blank\" rel=\"noopener noreferrer\">https:\/\/ec.europa.eu\/consumers\/odr\/<\/a>.<br \/>\nUnsere E-Mail-Adresse finden Sie oben im Impressum der Website.<\/p>\n<h2>Streitbeilegungsverfahren vor einer Verbraucherschlichtungsstelle<\/h2>\n<p>Wir sind nicht bereit oder verpflichtet, an einem Streitbeilegungsverfahren vor einer Verbraucherschlichtungsstelle teilzunehmen.<\/p>\n\n\t\t<\/div>\n\t<\/div>\n\n\t<div class=\"wpb_text_column wpb_content_element\" >\n\t\t<div class=\"wpb_wrapper\">\n\t\t\t<h2>Urheberrecht<\/h2>\n<p>Die durch die Seitenbetreiber erstellten Inhalte und Werke auf diesen Seiten unterliegen dem deutschen Urheberrecht. Die Vervielf\u00e4ltigung, Bearbeitung, Verbreitung und jede Art der Verwertung au\u00dferhalb der Grenzen des Urheberrechtes bed\u00fcrfen der schriftlichen Zustimmung des jeweiligen Autors bzw. Erstellers. Downloads und Kopien dieser Seite sind nur f\u00fcr den privaten Gebrauch gestattet.<br \/>\nDie kommerzielle Nutzung unserer Inhalte ohne Genehmigung des Urhebers ist untersagt.<\/p>\n<p>Soweit die Inhalte auf dieser Seite nicht vom Betreiber erstellt wurden, werden die Urheberrechte Dritter beachtet. Beitr\u00e4ge Dritter auf dieser Seite sind als solche gekennzeichnet. Sollten Sie trotzdem auf eine Urheberrechtsverletzung aufmerksam werden, bitten wir um einen entsprechenden Hinweis. Derartige Inhalte werden dann umgehend entfernt.<\/p>\n<p>Fotografie:<br \/>\n<a href=\"https:\/\/www.cscp.org\/de\/team\/\">Team Seite<\/a>: Frank Dora |\u00a0<a href=\"http:\/\/photoprop.de\/\">photoprop.de<\/a><br \/>\nThematische Fotografien: M<span class=\"s1\">Bogen Jahnen |\u00a0<\/span><a href=\"http:\/\/marcjahnen.com\/\"><span class=\"s1\">marcjahnen.com<\/span><\/a><br \/>\nThematische Fotografien: Nikola Berger<span class=\"s1\">Senior Designer CSCP<\/span><br \/>\nThematische Fotografien: Charlotte Wulff | <a href=\"https:\/\/www.charly-wulff.de\/\">charly-wulff.de<\/a><\/p>\n<p>Entwurf:<br \/>\nNikola Berger: Konzeptentwicklung, Creative Direction<br \/>\nAnnette Jacobs: Gestaltung |\u00a0<a href=\"http:\/\/www.annettejacobs.com\/\">annettejacobs.com<\/a><a href=\"https:\/\/www.charly-wulff.de\/\"><br \/>\nIna Lohner: Illustrationen |\u00a0<\/a><a href=\"http:\/\/ina-schneider.de\/\">ina-schneider.de<\/a><\/p>\n<p>Musik:<br \/>\n<a href=\"https:\/\/www.cscp.org\/de\/geschmack\/#video\">Probieren Sie das Jeans-Video<\/a>:<br \/>\nQuand je serai grand von L\u00f6hstana David | Lizensiert durch Jamendo<br \/>\nSeitenwagen von Podington Bear | von <a href=\"http:\/\/freemusicarchive.org\/music\/Podington_Bear\/\">Archiv f\u00fcr freie Musik<\/a> lizenziert unter <a href=\"https:\/\/creativecommons.org\/licenses\/by-nc\/3.0\/\">CC 3.0<\/a><br \/>\nacclimate by general fuzz | Lizensiert durch James Kirsch<br \/>\nInterlude von Max TenRoM | lizenziert durch Jamendo<br \/>\nChooChoo Panini spielen live im Freien<br \/>\nVerkehr von Dave Depper | von <a href=\"http:\/\/freemusicarchive.org\/music\/Dave_Depper\/Compositions_2\/\">Archiv f\u00fcr freie Musik<\/a> lizenziert unter <a href=\"https:\/\/creativecommons.org\/licenses\/by-nc\/3.0\/\">CC 3.0<\/a><\/p>\n\n\t\t<\/div>\n\t<\/div>\n<\/div><\/div><\/div><div class=\"wpb_column vc_column_container vc_col-md-2\"><div class=\"vc_column-inner\"><div class=\"wpb_wrapper\"><\/div><\/div><\/div><\/div>\n<\/div>","protected":false},"excerpt":{"rendered":"Site Notice Information pursuant to Sect. 5 German Telemedia Act (TMG) Collaborating Centre on Sustainable Consumption and Production gGmbH (CSCP) Hagenauer Str. 30 42107 Wuppertal Commercial Register: HRB 20060 Registration court: Amtsgericht Wuppertal Represented by: Michael Kuhndt Contact Phone: +49 202 459 58 10 Telefax: +49 202 459 58 31 E-mail: info@cscp.org VAT ID Sales [...]","protected":false},"author":1,"featured_media":0,"parent":0,"menu_order":0,"comment_status":"closed","ping_status":"closed","template":"","meta":{"_acf_changed":false,"footnotes":""},"class_list":["post-158","page","type-page","status-publish","hentry"],"acf":[],"_links":{"self":[{"href":"https:\/\/www.cscp.org\/de\/wp-json\/wp\/v2\/pages\/158","targetHints":{"allow":["GET"]}}],"collection":[{"href":"https:\/\/www.cscp.org\/de\/wp-json\/wp\/v2\/pages"}],"about":[{"href":"https:\/\/www.cscp.org\/de\/wp-json\/wp\/v2\/types\/page"}],"author":[{"embeddable":true,"href":"https:\/\/www.cscp.org\/de\/wp-json\/wp\/v2\/users\/1"}],"replies":[{"embeddable":true,"href":"https:\/\/www.cscp.org\/de\/wp-json\/wp\/v2\/comments?post=158"}],"version-history":[{"count":0,"href":"https:\/\/www.cscp.org\/de\/wp-json\/wp\/v2\/pages\/158\/revisions"}],"wp:attachment":[{"href":"https:\/\/www.cscp.org\/de\/wp-json\/wp\/v2\/media?parent=158"}],"curies":[{"name":"wp","href":"https:\/\/api.w.org\/{rel}","templated":true}]}}