{"id":30,"date":"2016-02-12T16:27:16","date_gmt":"2016-02-12T15:27:16","guid":{"rendered":"http:\/\/cscp.dev.elancer-team.de\/?page_id=30"},"modified":"2026-02-10T10:20:04","modified_gmt":"2026-02-10T09:20:04","slug":"uber-uns","status":"publish","type":"page","link":"https:\/\/www.cscp.org\/de\/about-us\/","title":{"rendered":"\u00dcber uns"},"content":{"rendered":"<div class=\"wpb-content-wrapper\"><div data-vc-full-width=\"true\" data-vc-full-width-temp=\"true\" data-vc-full-width-init=\"false\" class=\"vc_row wpb_row vc_row-fluid half-blue\"><div class=\"wpb_column vc_column_container vc_col-md-6\"><div class=\"vc_column-inner\"><div class=\"wpb_wrapper\">\n\t<div class=\"wpb_text_column wpb_content_element section-headline\" >\n\t\t<div class=\"wpb_wrapper\">\n\t\t\t\n\t\t<\/div>\n\t<\/div>\n\n\t<div class=\"wpb_text_column wpb_content_element introduction\" >\n\t\t<div class=\"wpb_wrapper\">\n\t\t\t<p>Mit Integrit\u00e4t, Kompetenz und Zusammenarbeit als Kernst\u00fcck bef\u00e4higt das CSCP Menschen dazu, einen wirkungsvollen, vision\u00e4ren Wandel auf der ganzen Welt herbeizuf\u00fchren.<\/p>\n\n\t\t<\/div>\n\t<\/div>\n<\/div><\/div><\/div><div class=\"wpb_column vc_column_container vc_col-md-6\"><div class=\"vc_column-inner\"><div class=\"wpb_wrapper\">\n\t<div  class=\"wpb_single_image wpb_content_element vc_align_center wpb_content_element\">\n\t\t\n\t\t<figure class=\"wpb_wrapper vc_figure\">\n\t\t\t<div class=\"vc_single_image-wrapper   vc_box_border_grey\"><img loading=\"lazy\" decoding=\"async\" width=\"416\" height=\"398\" src=\"https:\/\/www.cscp.org\/wp-content\/uploads\/2016\/02\/Ina_globe.png\" class=\"vc_single_image-img attachment-full\" alt=\"\" title=\"Ina_globe\" srcset=\"https:\/\/www.cscp.org\/wp-content\/uploads\/2016\/02\/Ina_globe.png 416w, https:\/\/www.cscp.org\/wp-content\/uploads\/2016\/02\/Ina_globe-300x287.png 300w\" sizes=\"auto, (max-width: 416px) 100vw, 416px\" \/><\/div>\n\t\t<\/figure>\n\t<\/div>\n<\/div><\/div><\/div><\/div><div class=\"vc_row-full-width vc_clearfix\"><\/div><div id=\"values\" data-vc-full-width=\"true\" data-vc-full-width-temp=\"true\" data-vc-full-width-init=\"false\" class=\"vc_row wpb_row vc_row-fluid vc_custom_1473753387408 vc_row-has-fill\"><div class=\"wpb_column vc_column_container vc_col-md-6\"><div class=\"vc_column-inner\"><div class=\"wpb_wrapper\">\n\t<div  class=\"wpb_single_image wpb_content_element vc_align_left wpb_content_element\">\n\t\t\n\t\t<figure class=\"wpb_wrapper vc_figure\">\n\t\t\t<div class=\"vc_single_image-wrapper   vc_box_border_grey\"><img loading=\"lazy\" decoding=\"async\" width=\"535\" height=\"356\" src=\"https:\/\/www.cscp.org\/wp-content\/uploads\/2016\/02\/about_values.jpg\" class=\"vc_single_image-img attachment-large\" alt=\"\" title=\"\u00fcber_Werte\" srcset=\"https:\/\/www.cscp.org\/wp-content\/uploads\/2016\/02\/about_values.jpg 535w, https:\/\/www.cscp.org\/wp-content\/uploads\/2016\/02\/about_values-300x200.jpg 300w\" sizes=\"auto, (max-width: 535px) 100vw, 535px\" \/><\/div>\n\t\t<\/figure>\n\t<\/div>\n<\/div><\/div><\/div><div class=\"wpb_column vc_column_container vc_col-md-6\"><div class=\"vc_column-inner\"><div class=\"wpb_wrapper\">\n\t<div class=\"wpb_text_column wpb_content_element section-headline\" >\n\t\t<div class=\"wpb_wrapper\">\n\t\t\t<p>\u00dcber uns<\/p>\n\n\t\t<\/div>\n\t<\/div>\n\n\t<div class=\"wpb_text_column wpb_content_element\" >\n\t\t<div class=\"wpb_wrapper\">\n\t\t\t<h1>Unsere Vision und Mission<\/h1>\n\n\t\t<\/div>\n\t<\/div>\n\n\t<div class=\"wpb_text_column wpb_content_element\" >\n\t\t<div class=\"wpb_wrapper\">\n\t\t\t<div class=\"page\" title=\"Seite 15\">\n<div class=\"section\">\n<div class=\"layoutArea\">\n<div class=\"column\">\n<p><span lang=\"EN-GB\">Das Collaborating Centre on Sustainable Consumption and Production (CSCP) ist eine internationale, gemeinn\u00fctzige <strong>Think<\/strong> und <strong>Do<\/strong> Tank. Gemeinsam mit Unternehmen, politischen Entscheidungstr\u00e4gern, Partnerorganisationen und der Zivilgesellschaft verfolgen wir unseren Auftrag, die Nachhaltigkeit zu mainstreamen<\/span><span lang=\"EN-GB\"> auf dem Weg zu unserer Vision: ein gutes Leben f\u00fcr alle zu erm\u00f6glichen.<\/span><\/p>\n<p>Durch einen ganzheitlichen Ansatz sind wir in der Lage, Kooperationen zu identifizieren und zu erm\u00f6glichen, die zu wirkungsvollen L\u00f6sungen f\u00fcr eine gr\u00f6\u00dfere <strong>sozial<\/strong> und <strong>Umweltvertr\u00e4glichkeit<\/strong>.<\/div>\n<\/div>\n<\/div>\n<\/div>\n\n\t\t<\/div>\n\t<\/div>\n<\/div><\/div><\/div><\/div><div class=\"vc_row-full-width vc_clearfix\"><\/div><div id=\"about\" data-vc-full-width=\"true\" data-vc-full-width-temp=\"true\" data-vc-full-width-init=\"false\" class=\"vc_row wpb_row vc_row-fluid\"><div class=\"vc_col-md-push-6 wpb_column vc_column_container vc_col-md-6\"><div class=\"vc_column-inner\"><div class=\"wpb_wrapper\">\n\t<div  class=\"wpb_single_image wpb_content_element vc_align_left wpb_content_element\">\n\t\t\n\t\t<figure class=\"wpb_wrapper vc_figure\">\n\t\t\t<div class=\"vc_single_image-wrapper   vc_box_border_grey\"><img loading=\"lazy\" decoding=\"async\" width=\"535\" height=\"356\" src=\"https:\/\/www.cscp.org\/wp-content\/uploads\/2016\/02\/Column_Image_design.jpg\" class=\"vc_single_image-img attachment-large\" alt=\"\" title=\"S\u00e4ule_Image_Design\" srcset=\"https:\/\/www.cscp.org\/wp-content\/uploads\/2016\/02\/Column_Image_design.jpg 535w, https:\/\/www.cscp.org\/wp-content\/uploads\/2016\/02\/Column_Image_design-300x200.jpg 300w\" sizes=\"auto, (max-width: 535px) 100vw, 535px\" \/><\/div>\n\t\t<\/figure>\n\t<\/div>\n<\/div><\/div><\/div><div class=\"vc_col-md-pull-6 wpb_column vc_column_container vc_col-md-6\"><div class=\"vc_column-inner\"><div class=\"wpb_wrapper\">\n\t<div class=\"wpb_text_column wpb_content_element section-headline\" >\n\t\t<div class=\"wpb_wrapper\">\n\t\t\t<p>Unser Leitbild<\/p>\n\n\t\t<\/div>\n\t<\/div>\n\n\t<div class=\"wpb_text_column wpb_content_element\" >\n\t\t<div class=\"wpb_wrapper\">\n\t\t\t<div class=\"page\" title=\"Seite 15\">\n<div class=\"section\">\n<div class=\"layoutArea\">\n<div class=\"column\">\n<h1>Unser Name spiegelt unser Kerngesch\u00e4ft wider<\/h1>\n<\/div>\n<\/div>\n<\/div>\n<\/div>\n\n\t\t<\/div>\n\t<\/div>\n\n\t<div class=\"wpb_text_column wpb_content_element\" >\n\t\t<div class=\"wpb_wrapper\">\n\t\t\t<p>Wir folgen einem <strong>kollaborativ<\/strong> und <strong>inklusive<\/strong> Ansatz entlang der folgenden Kompetenzfelder: Produkte &amp; Dienstleistungen, St\u00e4dte &amp; Infrastruktur, Politik, Lebensstile &amp; Verhalten sowie Wirtschaft &amp; Unternehmertum und mit besonderem Fokus auf Querschnittsthemen: Digitalisierung, Verhaltens\u00e4nderung, Kreislaufwirtschaft sowie Klima und Biodiversit\u00e4t. Wir nutzen Synergien und identifizieren und erm\u00f6glichen vielversprechende Kooperationen, die zu wirkungsvollen L\u00f6sungen f\u00fchren. Lesen Sie mehr \u00fcber unsere <a href=\"https:\/\/www.cscp.org\/de\/unsere-themen\/\" target=\"_blank\" rel=\"noopener\">Fachgebiete<\/a> sowie unser <a href=\"https:\/\/www.cscp.org\/de\/schlusselthemen\/\" target=\"_blank\" rel=\"noopener\">Schl\u00fcsselthemen<\/a>.<\/p>\n<p>Innerhalb dieser Themenbereiche bieten wir unser Fachwissen an und identifizieren, entwickeln und etablieren gemeinsam mit den jeweiligen Experten und relevanten Akteuren vielversprechende nachhaltige L\u00f6sungen.<\/p>\n<p>Wir arbeiten nicht nur mit verschiedenen gesellschaftlichen Gruppen zusammen, sondern bringen sie auch zusammen. Wir streben danach, Menschen, politische Institutionen und Organisationen aller Art und Sektoren, einschlie\u00dflich Unternehmen und zivilgesellschaftlicher Organisationen, zu bef\u00e4higen, greifbare, nachhaltige Wirkungen mit positiver globaler Ausstrahlung zu erzielen.<\/p>\n<p>Alle unsere Bem\u00fchungen sind auf das Mainstreaming ausgerichtet <strong>sozial<\/strong>,<strong> Umwelt<\/strong> und <strong>wirtschaftliche Nachhaltigkeit<\/strong> um ein gutes Leben f\u00fcr alle zu erm\u00f6glichen.<\/p>\n\n\t\t<\/div>\n\t<\/div>\n<\/div><\/div><\/div><\/div><div class=\"vc_row-full-width vc_clearfix\"><\/div><div data-vc-full-width=\"true\" data-vc-full-width-temp=\"true\" data-vc-full-width-init=\"false\" class=\"vc_row wpb_row vc_row-fluid vc_custom_1473753387408 vc_row-has-fill\"><div class=\"wpb_column vc_column_container vc_col-md-6\"><div class=\"vc_column-inner\"><div class=\"wpb_wrapper\">\n\t<div  class=\"wpb_single_image wpb_content_element vc_align_left wpb_content_element\">\n\t\t\n\t\t<figure class=\"wpb_wrapper vc_figure\">\n\t\t\t<div class=\"vc_single_image-wrapper   vc_box_border_grey\"><img loading=\"lazy\" decoding=\"async\" width=\"535\" height=\"357\" src=\"https:\/\/www.cscp.org\/wp-content\/uploads\/2016\/02\/CSCP-181115-0921.jpg\" class=\"vc_single_image-img attachment-large\" alt=\"\" title=\"CSCP-181115-0921\" srcset=\"https:\/\/www.cscp.org\/wp-content\/uploads\/2016\/02\/CSCP-181115-0921.jpg 535w, https:\/\/www.cscp.org\/wp-content\/uploads\/2016\/02\/CSCP-181115-0921-300x200.jpg 300w\" sizes=\"auto, (max-width: 535px) 100vw, 535px\" \/><\/div>\n\t\t<\/figure>\n\t<\/div>\n<\/div><\/div><\/div><div class=\"wpb_column vc_column_container vc_col-md-6\"><div class=\"vc_column-inner\"><div class=\"wpb_wrapper\">\n\t<div class=\"wpb_text_column wpb_content_element section-headline\" >\n\t\t<div class=\"wpb_wrapper\">\n\t\t\t<p>Unsere Grunds\u00e4tze und Werte<\/p>\n\n\t\t<\/div>\n\t<\/div>\n\n\t<div class=\"wpb_text_column wpb_content_element\" >\n\t\t<div class=\"wpb_wrapper\">\n\t\t\t<h1>Integrit\u00e4t, Kompetenz und Zusammenarbeit<\/h1>\n\n\t\t<\/div>\n\t<\/div>\n\n\t<div class=\"wpb_text_column wpb_content_element\" >\n\t\t<div class=\"wpb_wrapper\">\n\t\t\t<div class=\"page\" title=\"Seite 15\">\n<div class=\"section\">\n<div class=\"layoutArea\">\n<div class=\"column\">\n<p><strong>Integrit\u00e4t<\/strong>, <strong>Zust\u00e4ndigkeit<\/strong>und<strong> Zusammenarbeit <\/strong>treiben alles an, was wir tun. Wir f\u00fchlen eine tiefe\u00a0<strong>Verantwortung<\/strong> f\u00fcr diese Welt, und wir bem\u00fchen uns, mit gutem Beispiel voranzugehen und mit allen relevanten Akteuren in den Entscheidungsprozessen zusammenzuarbeiten.<\/p>\n<p>Wir werden angetrieben von <strong>Leidenschaft<\/strong> und <strong>Zweck<\/strong> und sind der festen \u00dcberzeugung, dass die \u00dcbernahme von Eigenverantwortung entscheidend ist, um sinnvolle und dauerhafte Ver\u00e4nderungen zu erreichen. Wir glauben an <strong>Eigenkapital<\/strong>, <strong>Vielfalt<\/strong>und <strong>Einbeziehung<\/strong> und streben danach, sie intern als Organisation, aber auch in unseren Projekten zu erreichen.<\/div>\n<\/div>\n<\/div>\n<\/div>\n\n\t\t<\/div>\n\t<\/div>\n<\/div><\/div><\/div><\/div><div class=\"vc_row-full-width vc_clearfix\"><\/div><div id=\"partners\" data-vc-full-width=\"true\" data-vc-full-width-temp=\"true\" data-vc-full-width-init=\"false\" class=\"vc_row wpb_row vc_row-fluid\"><div class=\"vc_col-md-push-6 wpb_column vc_column_container vc_col-md-6\"><div class=\"vc_column-inner\"><div class=\"wpb_wrapper\">\n\t<div  class=\"wpb_single_image wpb_content_element vc_align_left wpb_content_element\">\n\t\t\n\t\t<figure class=\"wpb_wrapper vc_figure\">\n\t\t\t<div class=\"vc_single_image-wrapper   vc_box_border_grey\"><img loading=\"lazy\" decoding=\"async\" width=\"535\" height=\"356\" src=\"https:\/\/www.cscp.org\/wp-content\/uploads\/2023\/05\/Column_partner_bw.jpg\" class=\"vc_single_image-img attachment-large\" alt=\"\" title=\"S\u00e4ule_partner_bw\" srcset=\"https:\/\/www.cscp.org\/wp-content\/uploads\/2023\/05\/Column_partner_bw.jpg 535w, https:\/\/www.cscp.org\/wp-content\/uploads\/2023\/05\/Column_partner_bw-300x200.jpg 300w, https:\/\/www.cscp.org\/wp-content\/uploads\/2023\/05\/Column_partner_bw-18x12.jpg 18w\" sizes=\"auto, (max-width: 535px) 100vw, 535px\" \/><\/div>\n\t\t<\/figure>\n\t<\/div>\n<\/div><\/div><\/div><div class=\"vc_col-md-pull-6 wpb_column vc_column_container vc_col-md-6\"><div class=\"vc_column-inner\"><div class=\"wpb_wrapper\">\n\t<div class=\"wpb_text_column wpb_content_element section-headline\" >\n\t\t<div class=\"wpb_wrapper\">\n\t\t\t<p>Unsere Ziele<\/p>\n\n\t\t<\/div>\n\t<\/div>\n\n\t<div class=\"wpb_text_column wpb_content_element\" >\n\t\t<div class=\"wpb_wrapper\">\n\t\t\t<div class=\"page\" title=\"Seite 15\">\n<div class=\"section\">\n<div class=\"layoutArea\">\n<div class=\"column\">\n<h1 class=\"p1\"><span class=\"s1\">Wir verbinden die Punkte und nutzen Synergien<\/span><\/h1>\n<\/div>\n<\/div>\n<\/div>\n<\/div>\n\n\t\t<\/div>\n\t<\/div>\n\n\t<div class=\"wpb_text_column wpb_content_element\" >\n\t\t<div class=\"wpb_wrapper\">\n\t\t\t<p>Wir sind bestrebt, die folgenden Ziele zu erreichen <strong>positiv<\/strong> und <strong>langfristige Auswirkungen<\/strong> indem wir die Nachhaltigkeitsziele als miteinander verkn\u00fcpft betrachten und nicht ein Ziel auf Kosten eines anderen vorantreiben. Wir <strong>die Punkte verbinden<\/strong> und <strong>Synergieeffekte nutzen<\/strong> gemeinsam und im Einklang mit den Sustainable Development Goals (SDGs), dem Pariser Abkommen, den wichtigsten europ\u00e4ischen Strategierahmen, der deutschen Nachhaltigkeitsentwicklungsstrategie und anderen Top-Priorit\u00e4ten der Nachhaltigkeitsagenda auf lokaler, regionaler, nationaler, europ\u00e4ischer und internationaler Ebene voranzukommen.<\/p>\n\n\t\t<\/div>\n\t<\/div>\n<\/div><\/div><\/div><\/div><div class=\"vc_row-full-width vc_clearfix\"><\/div><div data-vc-full-width=\"true\" data-vc-full-width-temp=\"true\" data-vc-full-width-init=\"false\" class=\"vc_row wpb_row vc_row-fluid vc_custom_1473753387408 vc_row-has-fill\"><div class=\"wpb_column vc_column_container vc_col-md-6\"><div class=\"vc_column-inner\"><div class=\"wpb_wrapper\">\n\t<div  class=\"wpb_single_image wpb_content_element vc_align_left wpb_content_element\">\n\t\t\n\t\t<figure class=\"wpb_wrapper vc_figure\">\n\t\t\t<div class=\"vc_single_image-wrapper   vc_box_border_grey\"><img loading=\"lazy\" decoding=\"async\" width=\"535\" height=\"356\" src=\"https:\/\/www.cscp.org\/wp-content\/uploads\/2023\/05\/Column_team.jpg\" class=\"vc_single_image-img attachment-large\" alt=\"\" title=\"S\u00e4ule_Team\" srcset=\"https:\/\/www.cscp.org\/wp-content\/uploads\/2023\/05\/Column_team.jpg 535w, https:\/\/www.cscp.org\/wp-content\/uploads\/2023\/05\/Column_team-300x200.jpg 300w, https:\/\/www.cscp.org\/wp-content\/uploads\/2023\/05\/Column_team-18x12.jpg 18w\" sizes=\"auto, (max-width: 535px) 100vw, 535px\" \/><\/div>\n\t\t<\/figure>\n\t<\/div>\n<\/div><\/div><\/div><div class=\"wpb_column vc_column_container vc_col-md-6\"><div class=\"vc_column-inner\"><div class=\"wpb_wrapper\">\n\t<div class=\"wpb_text_column wpb_content_element section-headline\" >\n\t\t<div class=\"wpb_wrapper\">\n\t\t\t<p>Unser Team<\/p>\n\n\t\t<\/div>\n\t<\/div>\n\n\t<div class=\"wpb_text_column wpb_content_element\" >\n\t\t<div class=\"wpb_wrapper\">\n\t\t\t<h1 class=\"p1\"><span class=\"s1\">Wir sind Experten f\u00fcr die Schaffung nachhaltiger L\u00f6sungen<\/span><\/h1>\n\n\t\t<\/div>\n\t<\/div>\n\n\t<div class=\"wpb_text_column wpb_content_element\" >\n\t\t<div class=\"wpb_wrapper\">\n\t\t\t<div class=\"page\" title=\"Seite 15\">\n<div class=\"section\">\n<div class=\"layoutArea\">\n<div class=\"column\">\n<p>Wir kombinieren das Wissen von <strong>verschiedene Disziplinen<\/strong> mit Fachwissen auf lokaler und internationaler Ebene f\u00fcr ein <strong>integrativ<\/strong> und <strong>koordiniert<\/strong> Ansatz. Das CSCP setzt sich aus vier Teams zusammen. Drei davon sind um unsere Fachgebiete herum strukturiert: Das SL-Team (Sustainable Lifestyles), das SIPS-Team (Sustainable Infrastructure, Products, and Services) und das SBE-Team (Sustainable Business and Entrepreneurship). Das vierte Team ist das CSCP-Enabler-Team, dessen Senior Consultants die Projekte mit ihrem Fachwissen und ihren F\u00e4higkeiten sowie mit IT, Kreativit\u00e4t und Projektakquise unterst\u00fctzen.<span class=\"s1\">.<\/span><\/p>\n<p class=\"p3\">Unsere Organisation ist flie\u00dfend, und interdisziplin\u00e4re Teams werden je nach den f\u00fcr das jeweilige Projekt erforderlichen Schwerpunkten und Fachkenntnissen aus allen Gruppen zusammengestellt. Besuchen Sie unser <a href=\"\/de\/team\/\">Teamseite<\/a> um mehr \u00fcber unsere Teammitglieder zu erfahren!<\/p>\n<\/div>\n<\/div>\n<\/div>\n<\/div>\n\n\t\t<\/div>\n\t<\/div>\n<\/div><\/div><\/div><\/div><div class=\"vc_row-full-width vc_clearfix\"><\/div><div id=\"history\" data-vc-full-width=\"true\" data-vc-full-width-temp=\"true\" data-vc-full-width-init=\"false\" class=\"vc_row wpb_row vc_row-fluid\"><div class=\"vc_col-md-push-6 wpb_column vc_column_container vc_col-md-6\"><div class=\"vc_column-inner\"><div class=\"wpb_wrapper\">\n\t<div class=\"wpb_video_widget wpb_content_element vc_clearfix  cscp-video-height  vc_video-aspect-ratio-169 vc_video-el-width-100 vc_video-align-left\" >\n\t\t<div class=\"wpb_wrapper\">\n\t\t\t\n\t\t\t<div class=\"wpb_video_wrapper\"><iframe loading=\"lazy\" title=\"Die Gr\u00fcnder des CSCP\" src=\"https:\/\/player.vimeo.com\/video\/174212491?dnt=1&amp;app_id=122963\" width=\"500\" height=\"281\" frameborder=\"0\" allow=\"autoplay; fullscreen; picture-in-picture; clipboard-write\"><\/iframe><\/div>\n\t\t<\/div>\n\t<\/div>\n<\/div><\/div><\/div><div class=\"vc_col-md-pull-6 wpb_column vc_column_container vc_col-md-6\"><div class=\"vc_column-inner\"><div class=\"wpb_wrapper\">\n\t<div class=\"wpb_text_column wpb_content_element section-headline\" >\n\t\t<div class=\"wpb_wrapper\">\n\t\t\t<p>Geschichte<\/p>\n\n\t\t<\/div>\n\t<\/div>\n\n\t<div class=\"wpb_text_column wpb_content_element\" >\n\t\t<div class=\"wpb_wrapper\">\n\t\t\t<div class=\"page\" title=\"Seite 15\">\n<div class=\"section\">\n<div class=\"layoutArea\">\n<div class=\"column\">\n<h1>Ein einzigartiger Think- und Do-Tank, der den Wandel in der ganzen Welt vorantreibt<\/h1>\n<\/div>\n<\/div>\n<\/div>\n<\/div>\n\n\t\t<\/div>\n\t<\/div>\n\n\t<div class=\"wpb_text_column wpb_content_element\" >\n\t\t<div class=\"wpb_wrapper\">\n\t\t\t<p>Das CSCP ist 2005 aus einer Zusammenarbeit zwischen dem Umweltprogramm der Vereinten Nationen (UNEP) und dem Wuppertal Institut f\u00fcr Klima, Umwelt und Energie entstanden.<\/p>\n<p>Wir sind eine internationale gemeinn\u00fctzige Organisation, deren Schwerpunkt auf der F\u00f6rderung nachhaltiger Konsum- und Produktionsmuster (SCP) liegt. Seit seiner Gr\u00fcndung spielt das CSCP eine wichtige Rolle bei der Zusammenarbeit mit den Mitgliedstaaten der Vereinten Nationen auf dem Weg in eine nachhaltigere Zukunft, wobei der Schwerpunkt auf den 2015 festgelegten Zielen f\u00fcr nachhaltige Entwicklung liegt.<\/p>\n<p>Im Video auf der linken Seite sprechen Klaus T\u00f6pfer, Peter Hennicke und Ernst Ulrich von Weizs\u00e4cker \u00fcber die Mitbegr\u00fcndung des CSCP.<\/p>\n\n\t\t<\/div>\n\t<\/div>\n<\/div><\/div><\/div><\/div><div class=\"vc_row-full-width vc_clearfix\"><\/div>\n<\/div>","protected":false},"excerpt":{"rendered":"With integrity, competency, and collaboration at our core, the CSCP empowers people to give rise to impactful, visionary change across the globe. About Us Our Vision &amp; Mission The Collaborating Centre on Sustainable Consumption and Production (CSCP) is an international, non-profit think and do tank. Together with businesses, policy makers, partner organisations and civil society, [...]","protected":false},"author":1,"featured_media":0,"parent":0,"menu_order":0,"comment_status":"closed","ping_status":"closed","template":"","meta":{"_acf_changed":false,"footnotes":""},"class_list":["post-30","page","type-page","status-publish","hentry"],"acf":[],"_links":{"self":[{"href":"https:\/\/www.cscp.org\/de\/wp-json\/wp\/v2\/pages\/30","targetHints":{"allow":["GET"]}}],"collection":[{"href":"https:\/\/www.cscp.org\/de\/wp-json\/wp\/v2\/pages"}],"about":[{"href":"https:\/\/www.cscp.org\/de\/wp-json\/wp\/v2\/types\/page"}],"author":[{"embeddable":true,"href":"https:\/\/www.cscp.org\/de\/wp-json\/wp\/v2\/users\/1"}],"replies":[{"embeddable":true,"href":"https:\/\/www.cscp.org\/de\/wp-json\/wp\/v2\/comments?post=30"}],"version-history":[{"count":5,"href":"https:\/\/www.cscp.org\/de\/wp-json\/wp\/v2\/pages\/30\/revisions"}],"predecessor-version":[{"id":14934,"href":"https:\/\/www.cscp.org\/de\/wp-json\/wp\/v2\/pages\/30\/revisions\/14934"}],"wp:attachment":[{"href":"https:\/\/www.cscp.org\/de\/wp-json\/wp\/v2\/media?parent=30"}],"curies":[{"name":"wp","href":"https:\/\/api.w.org\/{rel}","templated":true}]}}