{"id":36,"date":"2016-02-12T16:27:45","date_gmt":"2016-02-12T15:27:45","guid":{"rendered":"http:\/\/cscp.dev.elancer-team.de\/?page_id=36"},"modified":"2024-11-28T10:21:34","modified_gmt":"2024-11-28T09:21:34","slug":"arbeitsplatze-2","status":"publish","type":"page","link":"https:\/\/www.cscp.org\/de\/jobs\/","title":{"rendered":"Stellenangebote"},"content":{"rendered":"<div class=\"wpb-content-wrapper\"><div data-vc-full-width=\"true\" data-vc-full-width-temp=\"true\" data-vc-full-width-init=\"false\" class=\"vc_row wpb_row vc_row-fluid half-blue\"><div class=\"wpb_column vc_column_container vc_col-md-6\"><div class=\"vc_column-inner\"><div class=\"wpb_wrapper\">\n\t<div class=\"wpb_text_column wpb_content_element section-headline\" >\n\t\t<div class=\"wpb_wrapper\">\n\t\t\t<p>Stellenangebote<\/p>\n\n\t\t<\/div>\n\t<\/div>\n\n\t<div class=\"wpb_text_column wpb_content_element introduction\" >\n\t\t<div class=\"wpb_wrapper\">\n\t\t\t<p>Die F\u00e4higkeit, \u00fcber Kulturen und Kontinente hinweg zusammenzuarbeiten, ist der Schl\u00fcssel zur Arbeit am CSCP. Wir suchen internationale, interdisziplin\u00e4re Kandidaten mit unternehmerischem Denken, die unsere Werte und Leidenschaft teilen.<\/p>\n\n\t\t<\/div>\n\t<\/div>\n<\/div><\/div><\/div><div class=\"wpb_column vc_column_container vc_col-md-6\"><div class=\"vc_column-inner\"><div class=\"wpb_wrapper\">\n\t<div  class=\"wpb_single_image wpb_content_element vc_align_center wpb_content_element\">\n\t\t\n\t\t<figure class=\"wpb_wrapper vc_figure\">\n\t\t\t<div class=\"vc_single_image-wrapper   vc_box_border_grey\"><img loading=\"lazy\" decoding=\"async\" width=\"285\" height=\"287\" src=\"https:\/\/www.cscp.org\/wp-content\/uploads\/2016\/02\/GreyBox_Images_jobs.png\" class=\"vc_single_image-img attachment-full\" alt=\"\" title=\"GreyBox_Images_Jobs\" srcset=\"https:\/\/www.cscp.org\/wp-content\/uploads\/2016\/02\/GreyBox_Images_jobs.png 285w, https:\/\/www.cscp.org\/wp-content\/uploads\/2016\/02\/GreyBox_Images_jobs-150x150.png 150w\" sizes=\"auto, (max-width: 285px) 100vw, 285px\" \/><\/div>\n\t\t<\/figure>\n\t<\/div>\n<\/div><\/div><\/div><\/div><div class=\"vc_row-full-width vc_clearfix\"><\/div><div data-vc-full-width=\"true\" data-vc-full-width-temp=\"true\" data-vc-full-width-init=\"false\" class=\"vc_row wpb_row vc_row-fluid vc_custom_1456498835330 vc_row-has-fill\"><div class=\"wpb_column vc_column_container vc_col-md-12\"><div class=\"vc_column-inner\"><div class=\"wpb_wrapper\"><div class=\"job-category-list-item\">\n\t<div class='row'>\n\t\t\t<div class='col-md-6 col-md-push-6'>\n\t\t\t\t<h1>Offene Stellen<\/h1>\t\n\t\t\t\t<ul class=\"job-list\">\n\t\t\t\t\t<li><a href=\"https:\/\/www.cscp.org\/de\/jobs\/no_openings-2\/\" title=\"F\u00fcr Initiativbewerbungen senden Sie bitte Ihre Unterlagen und Ihren Lebenslauf an jobs@cscp.org\">F\u00fcr Initiativbewerbungen senden Sie bitte Ihre Unterlagen und Ihren Lebenslauf an jobs@cscp.org<\/a><\/li>\n\t\t\t\t<\/ul>\n\n\t\t\t<\/div>\n\t\t\t\t\n\t\t\t<div class='col-md-6 col-md-pull-6'>\n\t\t\t\t<a href='https:\/\/www.cscp.org\/wp-content\/uploads\/2016\/02\/jobs_openpos.jpg'><img loading=\"lazy\" decoding=\"async\" width=\"535\" height=\"356\" src=\"https:\/\/www.cscp.org\/wp-content\/uploads\/2016\/02\/jobs_openpos.jpg\" class=\"img-responsive\" alt=\"\" srcset=\"https:\/\/www.cscp.org\/wp-content\/uploads\/2016\/02\/jobs_openpos.jpg 535w, https:\/\/www.cscp.org\/wp-content\/uploads\/2016\/02\/jobs_openpos-300x200.jpg 300w\" sizes=\"auto, (max-width: 535px) 100vw, 535px\" \/><\/a>\n\t\t\t<\/div>\n\n\t<\/div>\n<\/div><\/div><\/div><\/div><\/div><div class=\"vc_row-full-width vc_clearfix\"><\/div><div data-vc-full-width=\"true\" data-vc-full-width-temp=\"true\" data-vc-full-width-init=\"false\" class=\"vc_row wpb_row vc_row-fluid vc_custom_1732722563205 vc_row-has-fill\"><div class=\"wpb_column vc_column_container vc_col-md-6\"><div class=\"vc_column-inner\"><div class=\"wpb_wrapper\">\n\t<div  class=\"wpb_single_image wpb_content_element vc_align_left wpb_content_element\">\n\t\t\n\t\t<figure class=\"wpb_wrapper vc_figure\">\n\t\t\t<div class=\"vc_single_image-wrapper   vc_box_border_grey\"><img loading=\"lazy\" decoding=\"async\" width=\"535\" height=\"356\" src=\"https:\/\/www.cscp.org\/wp-content\/uploads\/2024\/11\/jobs_testimonials2.jpg\" class=\"vc_single_image-img attachment-large\" alt=\"\" title=\"jobs_testimonials2\" srcset=\"https:\/\/www.cscp.org\/wp-content\/uploads\/2024\/11\/jobs_testimonials2.jpg 535w, https:\/\/www.cscp.org\/wp-content\/uploads\/2024\/11\/jobs_testimonials2-300x200.jpg 300w, https:\/\/www.cscp.org\/wp-content\/uploads\/2024\/11\/jobs_testimonials2-18x12.jpg 18w\" sizes=\"auto, (max-width: 535px) 100vw, 535px\" \/><\/div>\n\t\t<\/figure>\n\t<\/div>\n<\/div><\/div><\/div><div class=\"wpb_column vc_column_container vc_col-md-6\"><div class=\"vc_column-inner\"><div class=\"wpb_wrapper\">\n\t<div class=\"wpb_text_column wpb_content_element section-headline\" >\n\t\t<div class=\"wpb_wrapper\">\n\t\t\t<h1>\"Ich bin dankbar daf\u00fcr, Teil eines so dynamischen und unterst\u00fctzenden Teams zu sein.<\/h1>\n\n\t\t<\/div>\n\t<\/div>\n\n\t<div class=\"wpb_text_column wpb_content_element\" >\n\t\t<div class=\"wpb_wrapper\">\n\t\t\t<p>Die Arbeit als Forschungsassistent am CSCP war eine lohnende Erfahrung. Man hat mir anspruchsvolle Aufgaben anvertraut und mir bei Bedarf Unterst\u00fctzung angeboten. Die Kultur der Zusammenarbeit geht \u00fcber das Dienstalter und den akademischen Hintergrund hinaus und erm\u00f6glicht es uns, voneinander zu lernen.<\/p>\n<p>Als Studentin der Ingenieurwissenschaften bringe ich einen systematischen und strukturierten Arbeitsstil in das Team ein, w\u00e4hrend ich von Sozialwissenschaftlern Einblicke in die Kommunikation und politische Analyse erhalte. Meine Zeit am CSCP hat nicht nur meine F\u00e4higkeiten als Umweltwissenschaftlerin\/Ingenieurin verbessert, sondern auch zu meiner pers\u00f6nlichen Entwicklung beigetragen. Ich bin dankbar daf\u00fcr, Teil eines so dynamischen und unterst\u00fctzenden Teams zu sein.<\/p>\n<p><strong>Elias Margueron<\/strong><br \/>\n<strong>Studiert derzeit:<\/strong> Umwelttechnik<br \/>\n<strong>Position beim CSCP:<\/strong> Research Assistant<\/p>\n\n\t\t<\/div>\n\t<\/div>\n\n\t<div class=\"wpb_text_column wpb_content_element\" >\n\t\t<div class=\"wpb_wrapper\">\n\t\t\t\n\t\t<\/div>\n\t<\/div>\n<\/div><\/div><\/div><\/div><div class=\"vc_row-full-width vc_clearfix\"><\/div><div id=\"gep\" data-vc-full-width=\"true\" data-vc-full-width-temp=\"true\" data-vc-full-width-init=\"false\" class=\"vc_row wpb_row vc_row-fluid vc_custom_1732722702669 vc_row-has-fill\"><div class=\"vc_col-md-push-6 wpb_column vc_column_container vc_col-md-6\"><div class=\"vc_column-inner\"><div class=\"wpb_wrapper\">\n\t<div  class=\"wpb_single_image wpb_content_element vc_align_left wpb_content_element\">\n\t\t\n\t\t<figure class=\"wpb_wrapper vc_figure\">\n\t\t\t<div class=\"vc_single_image-wrapper   vc_box_border_grey\"><img loading=\"lazy\" decoding=\"async\" width=\"535\" height=\"356\" src=\"https:\/\/www.cscp.org\/wp-content\/uploads\/2022\/06\/Column_Images_gep.jpg\" class=\"vc_single_image-img attachment-large\" alt=\"\" title=\"Spalte_Bilder_gep\" srcset=\"https:\/\/www.cscp.org\/wp-content\/uploads\/2022\/06\/Column_Images_gep.jpg 535w, https:\/\/www.cscp.org\/wp-content\/uploads\/2022\/06\/Column_Images_gep-300x200.jpg 300w\" sizes=\"auto, (max-width: 535px) 100vw, 535px\" \/><\/div>\n\t\t<\/figure>\n\t<\/div>\n<\/div><\/div><\/div><div class=\"vc_col-md-pull-6 wpb_column vc_column_container vc_col-md-6\"><div class=\"vc_column-inner\"><div class=\"wpb_wrapper\">\n\t<div class=\"wpb_text_column wpb_content_element section-headline\" >\n\t\t<div class=\"wpb_wrapper\">\n\t\t\t<h1>Gleichstellungsplan<\/h1>\n\n\t\t<\/div>\n\t<\/div>\n\n\t<div class=\"wpb_text_column wpb_content_element\" >\n\t\t<div class=\"wpb_wrapper\">\n\t\t\t<p class=\"TitleCSCPENG\"><span lang=\"EN-GB\">Lesen Sie unser <strong>Gleichstellungsplan (GEP)<\/strong> f\u00fcr das CSCP. <\/span><\/p>\n<p class=\"TitleCSCPENG\"><span lang=\"EN-GB\"><a href=\"https:\/\/www.cscp.org\/wp-content\/uploads\/2022\/06\/GEP_cscp_v1_2022.pdf\">Laden Sie die neueste Version hier herunter.<\/a><\/span><\/p>\n\n\t\t<\/div>\n\t<\/div>\n<\/div><\/div><\/div><\/div><div class=\"vc_row-full-width vc_clearfix\"><\/div><div data-vc-full-width=\"true\" data-vc-full-width-temp=\"true\" data-vc-full-width-init=\"false\" class=\"vc_row wpb_row vc_row-fluid vc_custom_1732722571439 vc_row-has-fill\"><div class=\"wpb_column vc_column_container vc_col-md-6\"><div class=\"vc_column-inner\"><div class=\"wpb_wrapper\">\n\t<div  class=\"wpb_single_image wpb_content_element vc_align_left wpb_content_element\">\n\t\t\n\t\t<figure class=\"wpb_wrapper vc_figure\">\n\t\t\t<div class=\"vc_single_image-wrapper   vc_box_border_grey\"><img loading=\"lazy\" decoding=\"async\" width=\"535\" height=\"356\" src=\"https:\/\/www.cscp.org\/wp-content\/uploads\/2024\/11\/jobs_testimonials.jpg\" class=\"vc_single_image-img attachment-large\" alt=\"\" title=\"jobs_testimonials\" srcset=\"https:\/\/www.cscp.org\/wp-content\/uploads\/2024\/11\/jobs_testimonials.jpg 535w, https:\/\/www.cscp.org\/wp-content\/uploads\/2024\/11\/jobs_testimonials-300x200.jpg 300w, https:\/\/www.cscp.org\/wp-content\/uploads\/2024\/11\/jobs_testimonials-18x12.jpg 18w\" sizes=\"auto, (max-width: 535px) 100vw, 535px\" \/><\/div>\n\t\t<\/figure>\n\t<\/div>\n<\/div><\/div><\/div><div class=\"wpb_column vc_column_container vc_col-md-6\"><div class=\"vc_column-inner\"><div class=\"wpb_wrapper\">\n\t<div class=\"wpb_text_column wpb_content_element section-headline\" >\n\t\t<div class=\"wpb_wrapper\">\n\t\t\t<h1>\"Sie werden sich von Kollegen inspiriert f\u00fchlen, die intrinsisch motiviert sind, etwas Positives zu bewirken.<\/h1>\n\n\t\t<\/div>\n\t<\/div>\n\n\t<div class=\"wpb_text_column wpb_content_element\" >\n\t\t<div class=\"wpb_wrapper\">\n\t\t\t<p>Im Rahmen meines Studiums, aber auch privat, habe ich mich besonders f\u00fcr das Thema Nachhaltigkeit interessiert. Ich war motiviert, mehr \u00fcber Themen zu erfahren, die in meinem Studium aufgrund des Schwerpunkts auf Politik und Governance nicht vollst\u00e4ndig abgedeckt wurden. Zum Beispiel die Kreislaufwirtschaft und nachhaltige Gesch\u00e4ftsmodelle.<\/p>\n<p>Der Beitritt zum CSCP erm\u00f6glichte es mir, mehr \u00fcber diese Themen und vieles mehr zu erfahren. Vom ersten Tag an wurde ich von einem herzlichen, hilfsbereiten und vielf\u00e4ltigen Team von Kollegen empfangen. Ich war an einer Reihe von Projekten beteiligt, z. B. FEASTS, das sich auf die Bewertung der Nachhaltigkeit des Systems f\u00fcr kultiviertes Fleisch und kultivierte Meeresfr\u00fcchte (CM\/CSF) konzentriert und dessen ethische und nachhaltige Weiterentwicklung unterst\u00fctzt; SteamBioAfrica, das die Kommerzialisierung eines nachhaltigen festen Biokraftstoffs im s\u00fcdlichen Afrika f\u00f6rdert; und ich arbeite derzeit an Al-Invest Verde, einem Projekt zur Entwicklung eines freiwilligen Verhaltenskodex (VCC) f\u00fcr KMU in Costa Rica.<\/p>\n<p>Das Tolle am CSCP ist, dass die M\u00f6glichkeiten wirklich endlos sind. Sie werden vielleicht regelm\u00e4\u00dfig an bestimmten Projekten beteiligt sein, aber Sie werden auch oft die M\u00f6glichkeit haben, andere Projekte ad hoc zu unterst\u00fctzen, wann immer es n\u00f6tig ist. Dar\u00fcber hinaus werden Sie sich bei Teambesprechungen, gesellschaftlichen Veranstaltungen und B\u00fcrogespr\u00e4chen immer von Kollegen inspiriert f\u00fchlen, die intrinsisch motiviert sind, einen positiven Unterschied zu machen, und die freundlich und aufgeschlossen sind.<\/p>\n<p><strong>Monica Costa<\/strong><br \/>\n<strong>Studiert derzeit:<\/strong> Politikwissenschaft an der Universit\u00e4t Leiden - Den Haag, Niederlande.<br \/>\n<strong>Position beim CSCP:<\/strong> Studentische Hilfskraft<\/p>\n\n\t\t<\/div>\n\t<\/div>\n\n\t<div class=\"wpb_text_column wpb_content_element\" >\n\t\t<div class=\"wpb_wrapper\">\n\t\t\t\n\t\t<\/div>\n\t<\/div>\n<\/div><\/div><\/div><\/div><div class=\"vc_row-full-width vc_clearfix\"><\/div><div data-vc-full-width=\"true\" data-vc-full-width-temp=\"true\" data-vc-full-width-init=\"false\" class=\"vc_row wpb_row vc_row-fluid vc_custom_1732722677245 vc_row-has-fill\"><div class=\"wpb_column vc_column_container vc_col-md-6\"><div class=\"vc_column-inner\"><div class=\"wpb_wrapper\">\n\t<div  class=\"wpb_single_image wpb_content_element vc_align_left wpb_content_element\">\n\t\t\n\t\t<figure class=\"wpb_wrapper vc_figure\">\n\t\t\t<div class=\"vc_single_image-wrapper   vc_box_border_grey\"><img loading=\"lazy\" decoding=\"async\" width=\"535\" height=\"356\" src=\"https:\/\/www.cscp.org\/wp-content\/uploads\/2023\/11\/work_greenwork.jpg\" class=\"vc_single_image-img attachment-large\" alt=\"\" title=\"work_greenwork\" srcset=\"https:\/\/www.cscp.org\/wp-content\/uploads\/2023\/11\/work_greenwork.jpg 535w, https:\/\/www.cscp.org\/wp-content\/uploads\/2023\/11\/work_greenwork-300x200.jpg 300w, https:\/\/www.cscp.org\/wp-content\/uploads\/2023\/11\/work_greenwork-18x12.jpg 18w\" sizes=\"auto, (max-width: 535px) 100vw, 535px\" \/><\/div>\n\t\t<\/figure>\n\t<\/div>\n<\/div><\/div><\/div><div class=\"wpb_column vc_column_container vc_col-md-6\"><div class=\"vc_column-inner\"><div class=\"wpb_wrapper\">\n\t<div class=\"wpb_text_column wpb_content_element section-headline\" >\n\t\t<div class=\"wpb_wrapper\">\n\t\t\t<h1>\"Gr\u00fcne Arbeitswelt\" - Netzwerk f\u00fcr gr\u00fcne Arbeit<\/h1>\n\n\t\t<\/div>\n\t<\/div>\n\n\t<div class=\"wpb_text_column wpb_content_element\" >\n\t\t<div class=\"wpb_wrapper\">\n\t\t\t<p>Das CSCP ist Teil des Netzwerks \"Gr\u00fcne Arbeitswelt\", einer Plattform f\u00fcr Pioniere der beruflichen Orientierung im Bereich der Nachhaltigkeit. Das Netzwerk wird vom Bundesministerium f\u00fcr Wirtschaft und Klimaschutz gef\u00f6rdert und hat das Ziel, junge Menschen und Fachkr\u00e4fte f\u00fcr gr\u00fcne Berufe zu begeistern und so den \u00dcbergang zu einer nachhaltigen Wirtschaft in ganz Deutschland zu erm\u00f6glichen.<\/p>\n<p>Gr\u00fcne Arbeitswelt Website: <a href=\"https:\/\/gruene-arbeitswelt.de\">https:\/\/gruene-arbeitswelt.de<\/a><\/p>\n\n\t\t<\/div>\n\t<\/div>\n\n\t<div class=\"wpb_text_column wpb_content_element\" >\n\t\t<div class=\"wpb_wrapper\">\n\t\t\t\n\t\t<\/div>\n\t<\/div>\n<\/div><\/div><\/div><\/div><div class=\"vc_row-full-width vc_clearfix\"><\/div>\n<\/div>","protected":false},"excerpt":{"rendered":"","protected":false},"author":1,"featured_media":0,"parent":0,"menu_order":0,"comment_status":"closed","ping_status":"closed","template":"","meta":{"_acf_changed":false,"footnotes":""},"class_list":["post-36","page","type-page","status-publish","hentry"],"acf":[],"_links":{"self":[{"href":"https:\/\/www.cscp.org\/de\/wp-json\/wp\/v2\/pages\/36","targetHints":{"allow":["GET"]}}],"collection":[{"href":"https:\/\/www.cscp.org\/de\/wp-json\/wp\/v2\/pages"}],"about":[{"href":"https:\/\/www.cscp.org\/de\/wp-json\/wp\/v2\/types\/page"}],"author":[{"embeddable":true,"href":"https:\/\/www.cscp.org\/de\/wp-json\/wp\/v2\/users\/1"}],"replies":[{"embeddable":true,"href":"https:\/\/www.cscp.org\/de\/wp-json\/wp\/v2\/comments?post=36"}],"version-history":[{"count":6,"href":"https:\/\/www.cscp.org\/de\/wp-json\/wp\/v2\/pages\/36\/revisions"}],"predecessor-version":[{"id":13558,"href":"https:\/\/www.cscp.org\/de\/wp-json\/wp\/v2\/pages\/36\/revisions\/13558"}],"wp:attachment":[{"href":"https:\/\/www.cscp.org\/de\/wp-json\/wp\/v2\/media?parent=36"}],"curies":[{"name":"wp","href":"https:\/\/api.w.org\/{rel}","templated":true}]}}