{"id":38,"date":"2016-02-12T16:27:51","date_gmt":"2016-02-12T15:27:51","guid":{"rendered":"http:\/\/cscp.dev.elancer-team.de\/?page_id=38"},"modified":"2022-07-13T16:14:40","modified_gmt":"2022-07-13T14:14:40","slug":"presse","status":"publish","type":"page","link":"https:\/\/www.cscp.org\/de\/press\/","title":{"rendered":"Presse"},"content":{"rendered":"<div class=\"wpb-content-wrapper\"><div data-vc-full-width=\"true\" data-vc-full-width-temp=\"true\" data-vc-full-width-init=\"false\" class=\"vc_row wpb_row vc_row-fluid half-blue\"><div class=\"wpb_column vc_column_container vc_col-md-6\"><div class=\"vc_column-inner\"><div class=\"wpb_wrapper\">\n\t<div class=\"wpb_text_column wpb_content_element section-headline\" >\n\t\t<div class=\"wpb_wrapper\">\n\t\t\t<p>Presse<\/p>\n\n\t\t<\/div>\n\t<\/div>\n\n\t<div class=\"wpb_text_column wpb_content_element introduction\" >\n\t\t<div class=\"wpb_wrapper\">\n\t\t\t<p>Mit Integrit\u00e4t, Rechenschaftspflicht und Zusammenarbeit als Kernst\u00fcck bef\u00e4higt das CSCP Menschen dazu, einen wirkungsvollen, vision\u00e4ren Wandel auf der ganzen Welt herbeizuf\u00fchren.<\/p>\n\n\t\t<\/div>\n\t<\/div>\n<\/div><\/div><\/div><div class=\"wpb_column vc_column_container vc_col-md-6\"><div class=\"vc_column-inner\"><div class=\"wpb_wrapper\">\n\t<div  class=\"wpb_single_image wpb_content_element vc_align_center wpb_content_element\">\n\t\t\n\t\t<figure class=\"wpb_wrapper vc_figure\">\n\t\t\t<div class=\"vc_single_image-wrapper   vc_box_border_grey\"><img loading=\"lazy\" decoding=\"async\" width=\"242\" height=\"294\" src=\"https:\/\/www.cscp.org\/wp-content\/uploads\/2016\/02\/GreyBox_press.png\" class=\"vc_single_image-img attachment-large\" alt=\"\" title=\"GreyBox_presse\" \/><\/div>\n\t\t<\/figure>\n\t<\/div>\n<\/div><\/div><\/div><\/div><div class=\"vc_row-full-width vc_clearfix\"><\/div><div data-vc-full-width=\"true\" data-vc-full-width-temp=\"true\" data-vc-full-width-init=\"false\" class=\"vc_row wpb_row vc_row-fluid vc_custom_1461677517110 vc_row-has-fill\"><div class=\"wpb_column vc_column_container vc_col-md-6\"><div class=\"vc_column-inner\"><div class=\"wpb_wrapper\">\n\t<div  class=\"wpb_single_image wpb_content_element vc_align_left wpb_content_element\">\n\t\t\n\t\t<figure class=\"wpb_wrapper vc_figure\">\n\t\t\t<div class=\"vc_single_image-wrapper   vc_box_border_grey\"><img loading=\"lazy\" decoding=\"async\" width=\"535\" height=\"356\" src=\"https:\/\/www.cscp.org\/wp-content\/uploads\/2021\/09\/press_annika.jpg\" class=\"vc_single_image-img attachment-large\" alt=\"\" title=\"presse_annika\" srcset=\"https:\/\/www.cscp.org\/wp-content\/uploads\/2021\/09\/press_annika.jpg 535w, https:\/\/www.cscp.org\/wp-content\/uploads\/2021\/09\/press_annika-300x200.jpg 300w\" sizes=\"auto, (max-width: 535px) 100vw, 535px\" \/><\/div>\n\t\t<\/figure>\n\t<\/div>\n<\/div><\/div><\/div><div class=\"wpb_column vc_column_container vc_col-md-6\"><div class=\"vc_column-inner\"><div class=\"wpb_wrapper\">\n\t<div class=\"wpb_text_column wpb_content_element\" >\n\t\t<div class=\"wpb_wrapper\">\n\t\t\t<div class=\"page\" title=\"Seite 15\">\n<div class=\"section\">\n<div class=\"layoutArea\">\n<div class=\"column\">\n<h1>Medienanfragen<\/h1>\n<\/div>\n<\/div>\n<\/div>\n<\/div>\n\n\t\t<\/div>\n\t<\/div>\n\n\t<div class=\"wpb_text_column wpb_content_element\" >\n\t\t<div class=\"wpb_wrapper\">\n\t\t\t<p>F\u00fcr Medienanfragen wenden Sie sich bitte an:<\/p>\n<p>Annika Stein, Assistentin des Exekutivdirektors<br \/>\n+49 (202) 459 58 11<br \/>\n<a href=\"\/de\/annika.stein@cscp.org\/\">E-Mail<\/a>: annika.stein@cscp.org<\/p>\n\n\t\t<\/div>\n\t<\/div>\n<\/div><\/div><\/div><\/div><div class=\"vc_row-full-width vc_clearfix\"><\/div><div id=\"logo\" data-vc-full-width=\"true\" data-vc-full-width-temp=\"true\" data-vc-full-width-init=\"false\" class=\"vc_row wpb_row vc_row-fluid\"><div class=\"wpb_column vc_column_container vc_col-md-6\"><div class=\"vc_column-inner\"><div class=\"wpb_wrapper\">\n\t<div class=\"wpb_text_column wpb_content_element\" >\n\t\t<div class=\"wpb_wrapper\">\n\t\t\t<div class=\"page\" title=\"Seite 15\">\n<div class=\"section\">\n<div class=\"layoutArea\">\n<div class=\"column\">\n<h1>Logo und Markenwerte<\/h1>\n<\/div>\n<\/div>\n<\/div>\n<\/div>\n\n\t\t<\/div>\n\t<\/div>\n\n\t<div class=\"wpb_text_column wpb_content_element\" >\n\t\t<div class=\"wpb_wrapper\">\n\t\t\t<p>Allgemeines CSCP-Logo:<br \/>\n<a href=\"https:\/\/www.cscp.org\/wp-content\/uploads\/2016\/02\/CSCP_Logo_CMYK.pdf\">CSCP-Logo mit Namen (cmyk, Vektor)<\/a><br \/>\n<a href=\"https:\/\/www.cscp.org\/wp-content\/uploads\/2016\/02\/CSCP_Logo_RGB.png\">CSCP-Logo mit Namen (rgb, png)<\/a><\/p>\n<p>Das CSCP-Logo darf nur in sehr geringem Umfang verwendet werden:<br \/>\n<a href=\"https:\/\/www.cscp.org\/wp-content\/uploads\/2016\/02\/CSCP_ICON_CMYK.pdf\">CSCP-Logo ohne Namen (cmyk, Vektor)<\/a><br \/>\n<a href=\"https:\/\/www.cscp.org\/wp-content\/uploads\/2016\/02\/CSCP_ICON_RGB.png\">CSCP-Logo ohne Namen (rgb, png)<\/a><\/p>\n<p>Bei Fragen zur Verwendung dieser Logos wenden Sie sich bitte an design@cscp.org.<\/p>\n\n\t\t<\/div>\n\t<\/div>\n<\/div><\/div><\/div><div class=\"wpb_column vc_column_container vc_col-md-6\"><div class=\"vc_column-inner\"><div class=\"wpb_wrapper\">\n\t<div  class=\"wpb_single_image wpb_content_element vc_align_left wpb_content_element\">\n\t\t\n\t\t<figure class=\"wpb_wrapper vc_figure\">\n\t\t\t<div class=\"vc_single_image-wrapper   vc_box_border_grey\"><img loading=\"lazy\" decoding=\"async\" width=\"535\" height=\"356\" src=\"https:\/\/www.cscp.org\/wp-content\/uploads\/2016\/02\/press.png\" class=\"vc_single_image-img attachment-large\" alt=\"\" title=\"Presse\" srcset=\"https:\/\/www.cscp.org\/wp-content\/uploads\/2016\/02\/press.png 535w, https:\/\/www.cscp.org\/wp-content\/uploads\/2016\/02\/press-300x200.png 300w\" sizes=\"auto, (max-width: 535px) 100vw, 535px\" \/><\/div>\n\t\t<\/figure>\n\t<\/div>\n<\/div><\/div><\/div><\/div><div class=\"vc_row-full-width vc_clearfix\"><\/div><div data-vc-full-width=\"true\" data-vc-full-width-temp=\"true\" data-vc-full-width-init=\"false\" class=\"vc_row wpb_row vc_row-fluid vc_custom_1461677628708 vc_row-has-fill\"><div class=\"wpb_column vc_column_container vc_col-md-6\"><div class=\"vc_column-inner\"><div class=\"wpb_wrapper\">\n\t<div  class=\"wpb_single_image wpb_content_element vc_align_left wpb_content_element\">\n\t\t\n\t\t<figure class=\"wpb_wrapper vc_figure\">\n\t\t\t<div class=\"vc_single_image-wrapper   vc_box_border_grey\"><img loading=\"lazy\" decoding=\"async\" width=\"535\" height=\"356\" src=\"https:\/\/www.cscp.org\/wp-content\/uploads\/2016\/02\/Michael_kuhndt2.jpg\" class=\"vc_single_image-img attachment-large\" alt=\"\" title=\"Michael_kuhndt2\" srcset=\"https:\/\/www.cscp.org\/wp-content\/uploads\/2016\/02\/Michael_kuhndt2.jpg 535w, https:\/\/www.cscp.org\/wp-content\/uploads\/2016\/02\/Michael_kuhndt2-300x200.jpg 300w\" sizes=\"auto, (max-width: 535px) 100vw, 535px\" \/><\/div>\n\t\t<\/figure>\n\t<\/div>\n<\/div><\/div><\/div><div class=\"wpb_column vc_column_container vc_col-md-6\"><div class=\"vc_column-inner\"><div class=\"wpb_wrapper\">\n\t<div class=\"wpb_text_column wpb_content_element\" >\n\t\t<div class=\"wpb_wrapper\">\n\t\t\t<h1>Portr\u00e4ts<\/h1>\n\n\t\t<\/div>\n\t<\/div>\n\n\t<div class=\"wpb_text_column wpb_content_element\" >\n\t\t<div class=\"wpb_wrapper\">\n\t\t\t<p>Michael Kuhndt, Gesch\u00e4ftsf\u00fchrender Direktor, CSCP<br \/>\n<a href=\"https:\/\/www.cscp.org\/wp-content\/uploads\/2016\/02\/Michael_Kuhndt_bw2.jpg\">Download Portrait schwarz + wei\u00df<\/a><br \/>\n<a href=\"https:\/\/www.cscp.org\/wp-content\/uploads\/2018\/06\/162_Michael_Kuhndt_high-res.jpg\">Download Hochformat Farbe<\/a><\/p>\n<p>F\u00fcr weitere Fotos des Exekutivdirektors oder sonstiges Bildmaterial des CSCP wenden Sie sich bitte an design@scp-centre.org<\/p>\n\n\t\t<\/div>\n\t<\/div>\n<\/div><\/div><\/div><\/div><div class=\"vc_row-full-width vc_clearfix\"><\/div>\n<\/div>","protected":false},"excerpt":{"rendered":"Press With integrity, accountability, and collaboration at our core, the CSCP empowers people to give rise to impactful, visionary change across the globe. Media Inquiries For media enquiries please contact: Annika Stein, Assistent to the Executive Director +49 (202) 459 58 11 email: annika.stein@cscp.org Logo and brand assets General CSCP Logo: CSCP Logo with name [...]","protected":false},"author":1,"featured_media":0,"parent":0,"menu_order":0,"comment_status":"closed","ping_status":"closed","template":"","meta":{"_acf_changed":false,"footnotes":""},"class_list":["post-38","page","type-page","status-publish","hentry"],"acf":[],"_links":{"self":[{"href":"https:\/\/www.cscp.org\/de\/wp-json\/wp\/v2\/pages\/38","targetHints":{"allow":["GET"]}}],"collection":[{"href":"https:\/\/www.cscp.org\/de\/wp-json\/wp\/v2\/pages"}],"about":[{"href":"https:\/\/www.cscp.org\/de\/wp-json\/wp\/v2\/types\/page"}],"author":[{"embeddable":true,"href":"https:\/\/www.cscp.org\/de\/wp-json\/wp\/v2\/users\/1"}],"replies":[{"embeddable":true,"href":"https:\/\/www.cscp.org\/de\/wp-json\/wp\/v2\/comments?post=38"}],"version-history":[{"count":0,"href":"https:\/\/www.cscp.org\/de\/wp-json\/wp\/v2\/pages\/38\/revisions"}],"wp:attachment":[{"href":"https:\/\/www.cscp.org\/de\/wp-json\/wp\/v2\/media?parent=38"}],"curies":[{"name":"wp","href":"https:\/\/api.w.org\/{rel}","templated":true}]}}