{"id":4340,"date":"2019-06-19T16:33:22","date_gmt":"2019-06-19T14:33:22","guid":{"rendered":"https:\/\/www.cscp.org\/?page_id=4340"},"modified":"2019-08-09T14:00:21","modified_gmt":"2019-08-09T12:00:21","slug":"ciap_vereine","status":"publish","type":"page","link":"https:\/\/www.cscp.org\/de\/ciap_clubs\/","title":{"rendered":"Consumer Insight Action Panel - Formular zur Interessenbekundung"},"content":{"rendered":"<div class=\"wpb-content-wrapper\"><div class=\"vc_row wpb_row vc_row-fluid\"><div class=\"wpb_column vc_column_container vc_col-md-2\"><div class=\"vc_column-inner\"><div class=\"wpb_wrapper\"><\/div><\/div><\/div><div class=\"wpb_column vc_column_container vc_col-md-8\"><div class=\"vc_column-inner\"><div class=\"wpb_wrapper\">\n\t<div class=\"wpb_text_column wpb_content_element\" >\n\t\t<div class=\"wpb_wrapper\">\n\t\t\t<h2><a href=\"https:\/\/www.cscp.org\/wp-content\/uploads\/2019\/06\/ciap_logo_final_rgb.png\"><img loading=\"lazy\" decoding=\"async\" class=\"alignright wp-image-4341 size-medium\" src=\"https:\/\/www.cscp.org\/wp-content\/uploads\/2019\/06\/ciap_logo_final_rgb-300x140.png\" alt=\"\" width=\"300\" height=\"140\" srcset=\"https:\/\/www.cscp.org\/wp-content\/uploads\/2019\/06\/ciap_logo_final_rgb-300x140.png 300w, https:\/\/www.cscp.org\/wp-content\/uploads\/2019\/06\/ciap_logo_final_rgb.png 571w\" sizes=\"auto, (max-width: 300px) 100vw, 300px\" \/><\/a>Formular f\u00fcr die Interessenbekundung<\/h2>\n<p><strong>Der Aufruf zur Interessenbekundung f\u00fcr eine Clubmitgliedschaft bei der <em>Consumer Insight Action Panel<\/em> zum Thema Kreislaufwirtschaft ist jetzt er\u00f6ffnet - bekunden Sie noch heute Ihr Interesse!<\/strong><\/p>\n\n\t\t<\/div>\n\t<\/div>\n\n\t<div class=\"wpb_text_column wpb_content_element\" >\n\t\t<div class=\"wpb_wrapper\">\n\t\t\t<p><\/p>\n\n\t\t<\/div>\n\t<\/div>\n<div class=\"vc_separator wpb_content_element vc_separator_align_center vc_sep_width_100 vc_sep_pos_align_left vc_separator_no_text vc_sep_color_black wpb_content_element  wpb_content_element\" ><span class=\"vc_sep_holder vc_sep_holder_l\"><span class=\"vc_sep_line\"><\/span><\/span><span class=\"vc_sep_holder vc_sep_holder_r\"><span class=\"vc_sep_line\"><\/span><\/span>\n<\/div>\n\t<div class=\"wpb_text_column wpb_content_element\" >\n\t\t<div class=\"wpb_wrapper\">\n\t\t\t\n<div class=\"wpcf7 no-js\" id=\"wpcf7-f4345-o1\" lang=\"en-GB\" dir=\"ltr\" data-wpcf7-id=\"4345\">\n<div class=\"screen-reader-response\"><p role=\"status\" aria-live=\"polite\" aria-atomic=\"true\"><\/p> <ul><\/ul><\/div>\n<form action=\"\/de\/wp-json\/wp\/v2\/pages\/4340#wpcf7-f4345-o1\" method=\"post\" class=\"wpcf7-form init\" aria-label=\"Kontakt-Formular\" novalidate=\"novalidate\" data-status=\"init\" data-trp-original-action=\"\/de\/wp-json\/wp\/v2\/pages\/4340#wpcf7-f4345-o1\">\n<fieldset class=\"hidden-fields-container\"><input type=\"hidden\" name=\"_wpcf7\" value=\"4345\" \/><input type=\"hidden\" name=\"_wpcf7_version\" value=\"6.1.5\" \/><input type=\"hidden\" name=\"_wpcf7_locale\" value=\"en_GB\" \/><input type=\"hidden\" name=\"_wpcf7_unit_tag\" value=\"wpcf7-f4345-o1\" \/><input type=\"hidden\" name=\"_wpcf7_container_post\" value=\"0\" \/><input type=\"hidden\" name=\"_wpcf7_posted_data_hash\" value=\"\" \/>\n<\/fieldset>\n<p>* Pflichtfeld\n<\/p>\n<p><span class=\"wpcf7-form-control-wrap\" data-name=\"name-123\"><input size=\"75\" maxlength=\"400\" class=\"wpcf7-form-control wpcf7-text wpcf7-validates-as-required\" aria-required=\"true\" aria-invalid=\"false\" placeholder=\"Vor- und Nachname*\" value=\"\" type=\"text\" name=\"name-123\" \/><\/span>\n<\/p>\n<p><span class=\"wpcf7-form-control-wrap\" data-name=\"organisation\"><input size=\"75\" maxlength=\"400\" class=\"wpcf7-form-control wpcf7-text wpcf7-validates-as-required\" aria-required=\"true\" aria-invalid=\"false\" placeholder=\"Organisation*\" value=\"\" type=\"text\" name=\"organisation\" \/><\/span>\n<\/p>\n<p><span class=\"wpcf7-form-control-wrap\" data-name=\"title\"><input size=\"75\" maxlength=\"400\" class=\"wpcf7-form-control wpcf7-text wpcf7-validates-as-required\" aria-required=\"true\" aria-invalid=\"false\" placeholder=\"Position*\" value=\"\" type=\"text\" name=\"title\" \/><\/span>\n<\/p>\n<p><span class=\"wpcf7-form-control-wrap\" data-name=\"email\"><input size=\"75\" maxlength=\"400\" class=\"wpcf7-form-control wpcf7-email wpcf7-validates-as-required wpcf7-text wpcf7-validates-as-email\" aria-required=\"true\" aria-invalid=\"false\" placeholder=\"E-Mail*\" value=\"\" type=\"email\" name=\"email\" \/><\/span>\n<\/p>\n<p><span class=\"wpcf7-form-control-wrap\" data-name=\"address\"><input size=\"75\" maxlength=\"400\" class=\"wpcf7-form-control wpcf7-text wpcf7-validates-as-required\" aria-required=\"true\" aria-invalid=\"false\" placeholder=\"Anschrift*\" value=\"\" type=\"text\" name=\"address\" \/><\/span><br \/>\n<span id=\"wpcf7-69ef557ca41c7-wrapper\" class=\"wpcf7-form-control-wrap phone-wrap\" style=\"display:none !important; visibility:hidden !important;\"><label for=\"wpcf7-69ef557ca41c7-field\" class=\"hp-message\">Bitte lassen Sie dieses Feld leer.<\/label><input id=\"wpcf7-69ef557ca41c7-field\"  class=\"wpcf7-form-control wpcf7-text phone\" type=\"text\" name=\"phone\" value=\"\" size=\"40\" tabindex=\"-1\" autocomplete=\"new-password\" \/><\/span><span id=\"wpcf7-69ef557ca420b-wrapper\" class=\"wpcf7-form-control-wrap website-wrap\" style=\"display:none !important; visibility:hidden !important;\"><label for=\"wpcf7-69ef557ca420b-field\" class=\"hp-message\">Bitte lassen Sie dieses Feld leer.<\/label><input id=\"wpcf7-69ef557ca420b-field\"  class=\"wpcf7-form-control wpcf7-text website\" type=\"text\" name=\"website\" value=\"\" size=\"40\" tabindex=\"-1\" autocomplete=\"new-password\" \/><\/span>\n<\/p>\n<p><span class=\"wpcf7-form-control-wrap\" data-name=\"type\"><select class=\"wpcf7-form-control wpcf7-select wpcf7-validates-as-required\" aria-required=\"true\" aria-invalid=\"false\" name=\"type\"><option value=\"\">Art der Organisation*<\/option><option value=\"Business\">Business<\/option><option value=\"Policy maker\">Politische Entscheidungstr\u00e4ger<\/option><option value=\"Start-up\">Start-up<\/option><option value=\"NGO\">NGO<\/option><option value=\"Research institute\">Forschungsinstitut<\/option><option value=\"City \/ Municipality\">Stadt\/Gemeinde<\/option><option value=\"Other\">Andere<\/option><\/select><\/span>\n<\/p>\n<p><span class=\"wpcf7-form-control-wrap\" data-name=\"club\"><select class=\"wpcf7-form-control wpcf7-select wpcf7-validates-as-required\" aria-required=\"true\" aria-invalid=\"false\" name=\"club\"><option value=\"\">Welcher Club ist f\u00fcr Sie von Interesse*?<\/option><option value=\"Electronics\">Elektronik<\/option><\/select><\/span><br \/>\n<span class=\"wpcf7-form-control-wrap\" data-name=\"focus\"><select class=\"wpcf7-form-control wpcf7-select wpcf7-validates-as-required\" aria-required=\"true\" aria-invalid=\"false\" name=\"focus\"><option value=\"\">Welche elektronischen Produkte w\u00fcrden Sie besonders interessieren? *<\/option><option value=\"Smart phones\">Intelligente Telefone<\/option><option value=\"Tablets\">Tabletten<\/option><option value=\"Other\">Andere<\/option><\/select><\/span><br \/>\n<span class=\"wpcf7-form-control-wrap\" data-name=\"behaviour\"><select class=\"wpcf7-form-control wpcf7-select wpcf7-validates-as-required\" aria-required=\"true\" aria-invalid=\"false\" name=\"behaviour\"><option value=\"\">Welche Herausforderungen im Bereich des zirkul\u00e4ren Verhaltens interessieren Sie am meisten?*<\/option><option value=\"Give back \/ take back\">Zur\u00fcckgeben \/ Zur\u00fccknehmen<\/option><option value=\"Repair\">Reparatur<\/option><option value=\"Other\">Andere<\/option><\/select><\/span>\n<\/p>\n<p><span class=\"wpcf7-form-control-wrap\" data-name=\"sector\"><input size=\"75\" maxlength=\"400\" class=\"wpcf7-form-control wpcf7-text wpcf7-validates-as-required\" aria-required=\"true\" aria-invalid=\"false\" placeholder=\"In welchem Sektor sind Sie haupts\u00e4chlich t\u00e4tig?*\" value=\"\" type=\"text\" name=\"sector\" \/><\/span>\n<\/p>\n<p><span class=\"wpcf7-form-control-wrap\" data-name=\"behaviours\"><textarea cols=\"40\" rows=\"10\" maxlength=\"250\" class=\"wpcf7-form-control wpcf7-textarea wpcf7-validates-as-required\" aria-required=\"true\" aria-invalid=\"false\" placeholder=\"Welche Verhaltensweisen versuchen Sie im Hinblick auf die Kreislaufwirtschaft zu \u00e4ndern?*\" name=\"behaviours\"><\/textarea><\/span><br \/>\n<span class=\"wpcf7-character-count down\" data-target-name=\"behaviours\" data-starting-value=\"250\" data-current-value=\"250\" data-maximum-value=\"250\">250<\/span>\n<\/p>\n<p><span class=\"wpcf7-form-control-wrap\" data-name=\"challenges\"><textarea cols=\"40\" rows=\"10\" maxlength=\"250\" class=\"wpcf7-form-control wpcf7-textarea wpcf7-validates-as-required\" aria-required=\"true\" aria-invalid=\"false\" placeholder=\"Was sind Ihre gr\u00f6\u00dften Herausforderungen bei der Bew\u00e4ltigung von Verhaltensweisen?*\" name=\"challenges\"><\/textarea><\/span><br \/>\n<span class=\"wpcf7-character-count down\" data-target-name=\"challenges\" data-starting-value=\"250\" data-current-value=\"250\" data-maximum-value=\"250\">250<\/span>\n<\/p>\n<p><span class=\"wpcf7-form-control-wrap\" data-name=\"expectations\"><textarea cols=\"40\" rows=\"10\" maxlength=\"250\" class=\"wpcf7-form-control wpcf7-textarea wpcf7-validates-as-required\" aria-required=\"true\" aria-invalid=\"false\" placeholder=\"Was versprechen Sie sich von der Zusammenarbeit mit dem Consumer Insight Action Panel?*\" name=\"expectations\"><\/textarea><\/span><br \/>\n<span class=\"wpcf7-character-count down\" data-target-name=\"expectations\" data-starting-value=\"250\" data-current-value=\"250\" data-maximum-value=\"250\">250<\/span>\n<\/p>\n<p><span class=\"wpcf7-form-control-wrap\" data-name=\"url\"><input size=\"75\" maxlength=\"400\" class=\"wpcf7-form-control wpcf7-text wpcf7-validates-as-required\" aria-required=\"true\" aria-invalid=\"false\" placeholder=\"Teilen Sie die Website Ihrer Organisation, Ihrer Projekte und Initiativen mit uns*.\" value=\"\" type=\"text\" name=\"url\" \/><\/span>\n<\/p>\n<p><span class=\"wpcf7-form-control-wrap\" data-name=\"linkedin\"><input size=\"75\" maxlength=\"400\" class=\"wpcf7-form-control wpcf7-text\" aria-invalid=\"false\" placeholder=\"Teilen Sie Ihr Linked-In-Profil mit uns\" value=\"\" type=\"text\" name=\"linkedin\" \/><\/span>\n<\/p>\n<p><span class=\"wpcf7-form-control-wrap\" data-name=\"link\"><input size=\"75\" maxlength=\"400\" class=\"wpcf7-form-control wpcf7-text\" aria-invalid=\"false\" placeholder=\"Teilen Sie einen Link zu einem Dokument, das Sie f\u00fcr Ihre Interessenbekundung als relevant erachten\" value=\"\" type=\"text\" name=\"link\" \/><\/span>\n<\/p>\n<div style=\"margin-top: 70px;\">\n<\/div>\n<p>Datenschutzbestimmungen:<br \/>\nWir speichern Ihre Daten nur, um Sie \u00fcber das Consumer Action Insight Panel zu informieren. Wir werden Ihre Daten nicht verkaufen oder weitergeben. Sie k\u00f6nnen jederzeit den Zugang, die Verarbeitung oder die L\u00f6schung Ihrer Daten verlangen. Bitte lesen Sie unsere <a href=\"https:\/\/www.cscp.org\/de\/datenschutz\/\">Datenschutzbestimmungen<\/a> f\u00fcr weitere Informationen. <span class=\"wpcf7-form-control-wrap\" data-name=\"accept\"><span class=\"wpcf7-form-control wpcf7-acceptance\"><span class=\"wpcf7-list-item\"><label><input type=\"checkbox\" name=\"accept\" value=\"1\" aria-invalid=\"false\" \/><span class=\"wpcf7-list-item-label\">Ich akzeptiere die Datenschutzbestimmungen.<\/span><\/label><\/span><\/span><\/span>\n<\/p>\n<p><input class=\"wpcf7-form-control wpcf7-submit has-spinner button\" type=\"submit\" value=\"INTERESSENBEKUNDUNG EINREICHEN\" \/>\n<\/p><div class=\"wpcf7-response-output\" aria-hidden=\"true\"><\/div>\n<input type=\"hidden\" name=\"trp-form-language\" value=\"de\"\/><\/form>\n<\/div>\n\n\n\t\t<\/div>\n\t<\/div>\n<div class=\"vc_separator wpb_content_element vc_separator_align_center vc_sep_width_100 vc_sep_pos_align_left vc_separator_no_text vc_sep_color_black wpb_content_element  wpb_content_element\" ><span class=\"vc_sep_holder vc_sep_holder_l\"><span class=\"vc_sep_line\"><\/span><\/span><span class=\"vc_sep_holder vc_sep_holder_r\"><span class=\"vc_sep_line\"><\/span><\/span>\n<\/div><\/div><\/div><\/div><div class=\"wpb_column vc_column_container vc_col-md-2\"><div class=\"vc_column-inner\"><div class=\"wpb_wrapper\"><\/div><\/div><\/div><\/div><div class=\"vc_row wpb_row vc_row-fluid\"><div class=\"wpb_column vc_column_container vc_col-md-12\"><div class=\"vc_column-inner\"><div class=\"wpb_wrapper\"><\/div><\/div><\/div><\/div>\n<\/div>","protected":false},"excerpt":{"rendered":"Expression of Interest form The call for Expression of Interest to become a club member of the Consumer Insight Action Panel on circular economy is now open \u2013 express your interest today! * required field Please leave this field empty.Please leave this field empty. Type of organisation*BusinessPolicy makerStart-upNGOResearch instituteCity \/ MunicipalityOther What is your club [...]","protected":false},"author":2,"featured_media":0,"parent":0,"menu_order":0,"comment_status":"closed","ping_status":"closed","template":"","meta":{"_acf_changed":false,"footnotes":""},"class_list":["post-4340","page","type-page","status-publish","hentry"],"acf":[],"_links":{"self":[{"href":"https:\/\/www.cscp.org\/de\/wp-json\/wp\/v2\/pages\/4340","targetHints":{"allow":["GET"]}}],"collection":[{"href":"https:\/\/www.cscp.org\/de\/wp-json\/wp\/v2\/pages"}],"about":[{"href":"https:\/\/www.cscp.org\/de\/wp-json\/wp\/v2\/types\/page"}],"author":[{"embeddable":true,"href":"https:\/\/www.cscp.org\/de\/wp-json\/wp\/v2\/users\/2"}],"replies":[{"embeddable":true,"href":"https:\/\/www.cscp.org\/de\/wp-json\/wp\/v2\/comments?post=4340"}],"version-history":[{"count":0,"href":"https:\/\/www.cscp.org\/de\/wp-json\/wp\/v2\/pages\/4340\/revisions"}],"wp:attachment":[{"href":"https:\/\/www.cscp.org\/de\/wp-json\/wp\/v2\/media?parent=4340"}],"curies":[{"name":"wp","href":"https:\/\/api.w.org\/{rel}","templated":true}]}}