{"id":5838,"date":"2020-05-01T10:13:31","date_gmt":"2020-05-01T08:13:31","guid":{"rendered":"https:\/\/www.cscp.org\/?page_id=5838"},"modified":"2023-04-21T15:14:11","modified_gmt":"2023-04-21T13:14:11","slug":"csr_digital","status":"publish","type":"page","link":"https:\/\/www.cscp.org\/de\/csr_digital\/","title":{"rendered":"CSR.Digital"},"content":{"rendered":"<div class=\"wpb-content-wrapper\"><div class=\"vc_row wpb_row vc_row-fluid\"><div class=\"wpb_column vc_column_container vc_col-md-2\"><div class=\"vc_column-inner\"><div class=\"wpb_wrapper\"><\/div><\/div><\/div><div class=\"wpb_column vc_column_container vc_col-md-8\"><div class=\"vc_column-inner\"><div class=\"wpb_wrapper\">\n\t<div class=\"wpb_text_column wpb_content_element\" >\n\t\t<div class=\"wpb_wrapper\">\n\t\t\t<h2><a href=\"https:\/\/www.cscp.org\/wp-content\/uploads\/2020\/05\/logo_csr_digital.svg\"><img loading=\"lazy\" decoding=\"async\" class=\"size-full wp-image-5840 alignright\" src=\"https:\/\/www.cscp.org\/wp-content\/uploads\/2020\/05\/logo_csr_digital.svg\" alt=\"\" width=\"286\" height=\"129\" \/><\/a><\/h2>\n<h1>Wettbewerbsf\u00e4hig<br \/>\nnach Corona<\/h1>\n<p><strong>Digitalisierung und Nachhaltigkeit als Erfolgskriterien - Online Fr\u00fchst\u00fcck am 2. Juli von 09.00 bis 10.30 Uhr<\/strong><\/p>\n<p>Die Corona-Pandemie f\u00fchrt zu einer rasanten Beschleunigung der digitalen Transformation. Gerade KMU stellt das vor gro\u00dfe Herausforderungen. Unter Druck m\u00fcssen viele Prozesse digitalisiert und gleichzeitig Mitarbeiterinnen und Mitarbeiter motiviert werden, den Wandel mitzutragen und auch weiterhin Top-Leistung abzuliefern. Neue Gesch\u00e4ftsmodelle, Produkte oder Dienstleistungen m\u00fcssen f\u00fcr v\u00f6llig ver\u00e4nderte Rahmenbedingungen entwickelt werden - und das bei vielfach enger Liquidit\u00e4t. Gleichzeitig wird klar, dass der wirtschaftliche Wiederaufbau nach der Krise eng mit den Anforderungen an nachhaltiges Wirtschaften verkn\u00fcpft sein wird, um die Widerstandsf\u00e4higkeit der Wirtschaft angesichts der fortbestehenden Klimakrise zu erh\u00f6hen.<\/p>\n<ul>\n<li>Digital und dezentral: Verteiltes Arbeiten in Zeiten der Krise und Herausforderungen f\u00fcr die Mitarbeiterf\u00fchrung!<\/li>\n<li>Langfristige Digitalisierungspotenziale heben: Kann es gelingen, die Krise zur Chance zu machen?<\/li>\n<li>Nachhaltigkeit vom Kostentreiber zum Erfolgsfaktor machen.<\/li>\n<\/ul>\n<p>Diese Themen stehen im Mittelpunkt des<a href=\"https:\/\/www.cscp.org\/wp-content\/uploads\/2020\/06\/2-Seiter-CSR.digital-0506neu.pdf\"><strong> landesweiten Zentrums f\u00fcr Wirtschaft und digitale Verantwortung \"CSR.digital\"<\/strong><\/a> und sind gleichzeitig Leitlinie f\u00fcr das Online-Fr\u00fchst\u00fcck.<\/p>\n<p>Wir diskutieren mit spannenden Expertinnen und Experten, zum Beispiel<\/p>\n<ul>\n<li>Roland M. Sch\u00fcren, Gesch\u00e4ftsf\u00fchrer Ihr B\u00e4cker Sch\u00fcren (angefragt)<\/li>\n<li>Dr. Myriam Jahn, CEO Q-loud und Expertin f\u00fcr Internet der Dinge<\/li>\n<li>Dr. Saskia D\u00f6rr, Expertin f\u00fcr Digitale Verantwortung<\/li>\n<li>Stephan Grabmaier, Experte f\u00fcr New Work, Innovation und Nachhaltigkeit<\/li>\n<\/ul>\n<p>und mit Ihnen! Die aktuelle Agenda f\u00fcr die Veranstaltung finden Sie hier: <a href=\"https:\/\/www.cscp.org\/wp-content\/uploads\/2020\/06\/Agenda_CSR.digital_Online-Fr\u00fchst\u00fcck_20200602_PB_extern.pdf\"><strong>Tagesordnung<\/strong><\/a>.<\/p>\n<p><em><strong>Weitere Termine:<\/strong><\/em><br \/>\n<em>Nehmen Sie im 18. Juni und 16. Juli an unsere <strong>kurze und knackige Live-Interviews<\/strong> mit spannenden KMU aus NRW teil! Weitere Informationen und den Link zur Anmeldung finden Sie hier: <a href=\"https:\/\/www.cscp.org\/de\/csr-digital-live-interviews\/\"><strong>Anmeldung Live-Interviews<\/strong><\/a><\/em><\/p>\n<h2>Registrierung Online-Fr\u00fchst\u00fcck 2. Juli<\/h2>\n\n\t\t<\/div>\n\t<\/div>\n\n\t<div class=\"wpb_text_column wpb_content_element\" >\n\t\t<div class=\"wpb_wrapper\">\n\t\t\t\n\t\t<\/div>\n\t<\/div>\n\n\t<div class=\"wpb_text_column wpb_content_element\" >\n\t\t<div class=\"wpb_wrapper\">\n\t\t\t\n\t\t<\/div>\n\t<\/div>\n\n\t<div class=\"wpb_text_column wpb_content_element\" >\n\t\t<div class=\"wpb_wrapper\">\n\t\t\t\n<div class=\"wpcf7 no-js\" id=\"wpcf7-f5844-o1\" lang=\"en-GB\" dir=\"ltr\" data-wpcf7-id=\"5844\">\n<div class=\"screen-reader-response\"><p role=\"status\" aria-live=\"polite\" aria-atomic=\"true\"><\/p> <ul><\/ul><\/div>\n<form action=\"\/de\/wp-json\/wp\/v2\/pages\/5838#wpcf7-f5844-o1\" method=\"post\" class=\"wpcf7-form init\" aria-label=\"Kontakt-Formular\" novalidate=\"novalidate\" data-status=\"init\" data-trp-original-action=\"\/de\/wp-json\/wp\/v2\/pages\/5838#wpcf7-f5844-o1\">\n<fieldset class=\"hidden-fields-container\"><input type=\"hidden\" name=\"_wpcf7\" value=\"5844\" \/><input type=\"hidden\" name=\"_wpcf7_version\" value=\"6.1.5\" \/><input type=\"hidden\" name=\"_wpcf7_locale\" value=\"en_GB\" \/><input type=\"hidden\" name=\"_wpcf7_unit_tag\" value=\"wpcf7-f5844-o1\" \/><input type=\"hidden\" name=\"_wpcf7_container_post\" value=\"0\" \/><input type=\"hidden\" name=\"_wpcf7_posted_data_hash\" value=\"\" \/>\n<\/fieldset>\n\n<p><span class=\"wpcf7-form-control-wrap\" data-name=\"name-123\"><input size=\"40\" maxlength=\"400\" class=\"wpcf7-form-control wpcf7-text wpcf7-validates-as-required\" aria-required=\"true\" aria-invalid=\"false\" placeholder=\"Vor- und Nachname*\" value=\"\" type=\"text\" name=\"name-123\" \/><\/span>\n<\/p>\n<p><span class=\"wpcf7-form-control-wrap\" data-name=\"email\"><input size=\"40\" maxlength=\"400\" class=\"wpcf7-form-control wpcf7-email wpcf7-validates-as-required wpcf7-text wpcf7-validates-as-email\" aria-required=\"true\" aria-invalid=\"false\" placeholder=\"E-Mail*\" value=\"\" type=\"email\" name=\"email\" \/><\/span>\n<\/p>\n<p><span class=\"wpcf7-form-control-wrap\" data-name=\"organisation\"><input size=\"40\" maxlength=\"400\" class=\"wpcf7-form-control wpcf7-text wpcf7-validates-as-required\" aria-required=\"true\" aria-invalid=\"false\" placeholder=\"Organisation*\" value=\"\" type=\"text\" name=\"organisation\" \/><\/span>\n<\/p>\n<p><span class=\"wpcf7-form-control-wrap\" data-name=\"tel\"><input size=\"40\" maxlength=\"400\" class=\"wpcf7-form-control wpcf7-tel wpcf7-validates-as-required wpcf7-text wpcf7-validates-as-tel\" aria-required=\"true\" aria-invalid=\"false\" placeholder=\"Telefon*\" value=\"\" type=\"tel\" name=\"tel\" \/><\/span><br \/>\n<span id=\"wpcf7-69da5c2034b73-wrapper\" class=\"wpcf7-form-control-wrap phone-wrap\" style=\"display:none !important; visibility:hidden !important;\"><label for=\"wpcf7-69da5c2034b73-field\" class=\"hp-message\">Bitte lassen Sie dieses Feld leer.<\/label><input id=\"wpcf7-69da5c2034b73-field\"  class=\"wpcf7-form-control wpcf7-text phone\" type=\"text\" name=\"phone\" value=\"\" size=\"40\" tabindex=\"-1\" autocomplete=\"new-password\" \/><\/span><span id=\"wpcf7-69da5c2034bc0-wrapper\" class=\"wpcf7-form-control-wrap website-wrap\" style=\"display:none !important; visibility:hidden !important;\"><label for=\"wpcf7-69da5c2034bc0-field\" class=\"hp-message\">Bitte lassen Sie dieses Feld leer.<\/label><input id=\"wpcf7-69da5c2034bc0-field\"  class=\"wpcf7-form-control wpcf7-text website\" type=\"text\" name=\"website\" value=\"\" size=\"40\" tabindex=\"-1\" autocomplete=\"new-password\" \/><\/span>\n<\/p>\n<p><span class=\"wpcf7-form-control-wrap\" data-name=\"kommentar\"><textarea cols=\"40\" rows=\"10\" maxlength=\"125\" class=\"wpcf7-form-control wpcf7-textarea\" aria-invalid=\"false\" placeholder=\"Kommentar\" name=\"kommentar\"><\/textarea><\/span>\n<\/p>\n<p>Datenschutzbestimmungen:<br \/>\nWir speichern Ihre Daten nur f\u00fcr die oben genannte Veranstaltung. Wir werden Ihre Daten nicht verkaufen oder weitergeben. Sie k\u00f6nnen jederzeit die Einsicht, Bearbeitung oder L\u00f6schung Ihrer Daten verlangen. Bitte lesen Sie unsere <a href=\"https:\/\/www.cscp.org\/de\/datenschutz\/\">Datenschutzerkl\u00e4rung<\/a> f\u00fcr weitere Informationen.\n<\/p>\n<p><span class=\"wpcf7-form-control-wrap\" data-name=\"accept\"><span class=\"wpcf7-form-control wpcf7-acceptance\"><span class=\"wpcf7-list-item\"><label><input type=\"checkbox\" name=\"accept\" value=\"1\" aria-invalid=\"false\" \/><span class=\"wpcf7-list-item-label\">Ich akzeptiere die Datenschutzbestimmungen.<\/span><\/label><\/span><\/span><\/span>\n<\/p>\n<p>*Pflichtfeld\n<\/p>\n<p><input class=\"wpcf7-form-control wpcf7-submit has-spinner button\" type=\"submit\" value=\"Anmeldung absenden\" \/>\n<\/p><div class=\"wpcf7-response-output\" aria-hidden=\"true\"><\/div>\n<input type=\"hidden\" name=\"trp-form-language\" value=\"de\"\/><\/form>\n<\/div>\n\n\n\t\t<\/div>\n\t<\/div>\n<div class=\"vc_separator wpb_content_element vc_separator_align_center vc_sep_width_100 vc_sep_pos_align_center vc_separator_no_text vc_sep_color_black wpb_content_element  wpb_content_element\" ><span class=\"vc_sep_holder vc_sep_holder_l\"><span class=\"vc_sep_line\"><\/span><\/span><span class=\"vc_sep_holder vc_sep_holder_r\"><span class=\"vc_sep_line\"><\/span><\/span>\n<\/div><\/div><\/div><\/div><div class=\"wpb_column vc_column_container vc_col-md-2\"><div class=\"vc_column-inner\"><div class=\"wpb_wrapper\"><\/div><\/div><\/div><\/div><div class=\"vc_row wpb_row vc_row-fluid\"><div class=\"wpb_column vc_column_container vc_col-md-12\"><div class=\"vc_column-inner\"><div class=\"wpb_wrapper\"><\/div><\/div><\/div><\/div>\n<\/div>","protected":false},"excerpt":{"rendered":"Wettbewerbsf\u00e4hig nach Corona Digitalisierung und Nachhaltigkeit als Erfolgskriterien - Online Fr\u00fchst\u00fcck am 2. Juli von 09.00 bis 10.30 Uhr Die Corona-Pandemie f\u00fchrt zu einer rasanten Beschleunigung der digitalen Transformation. Gerade KMU stellt das vor gro\u00dfe Herausforderungen. Unter Druck m\u00fcssen viele Prozesse digitalisiert und gleichzeitig Mitarbeiterinnen und Mitarbeiter motiviert werden, den Wandel mitzutragen auch weiterhin Top-Leistung [...]","protected":false},"author":2,"featured_media":0,"parent":0,"menu_order":0,"comment_status":"closed","ping_status":"closed","template":"","meta":{"_acf_changed":false,"footnotes":""},"class_list":["post-5838","page","type-page","status-publish","hentry"],"acf":[],"_links":{"self":[{"href":"https:\/\/www.cscp.org\/de\/wp-json\/wp\/v2\/pages\/5838","targetHints":{"allow":["GET"]}}],"collection":[{"href":"https:\/\/www.cscp.org\/de\/wp-json\/wp\/v2\/pages"}],"about":[{"href":"https:\/\/www.cscp.org\/de\/wp-json\/wp\/v2\/types\/page"}],"author":[{"embeddable":true,"href":"https:\/\/www.cscp.org\/de\/wp-json\/wp\/v2\/users\/2"}],"replies":[{"embeddable":true,"href":"https:\/\/www.cscp.org\/de\/wp-json\/wp\/v2\/comments?post=5838"}],"version-history":[{"count":0,"href":"https:\/\/www.cscp.org\/de\/wp-json\/wp\/v2\/pages\/5838\/revisions"}],"wp:attachment":[{"href":"https:\/\/www.cscp.org\/de\/wp-json\/wp\/v2\/media?parent=5838"}],"curies":[{"name":"wp","href":"https:\/\/api.w.org\/{rel}","templated":true}]}}