{"id":6044,"date":"2020-06-02T12:03:28","date_gmt":"2020-06-02T10:03:28","guid":{"rendered":"https:\/\/www.cscp.org\/?page_id=6044"},"modified":"2020-06-10T15:57:23","modified_gmt":"2020-06-10T13:57:23","slug":"csr-digital-live-interviews","status":"publish","type":"page","link":"https:\/\/www.cscp.org\/de\/csr-digital-live-interviews\/","title":{"rendered":"CSR.digital Live-Interviews"},"content":{"rendered":"<div class=\"wpb-content-wrapper\"><div class=\"vc_row wpb_row vc_row-fluid\"><div class=\"wpb_column vc_column_container vc_col-md-2\"><div class=\"vc_column-inner\"><div class=\"wpb_wrapper\"><\/div><\/div><\/div><div class=\"wpb_column vc_column_container vc_col-md-8\"><div class=\"vc_column-inner\"><div class=\"wpb_wrapper\">\n\t<div class=\"wpb_text_column wpb_content_element\" >\n\t\t<div class=\"wpb_wrapper\">\n\t\t\t<h2><a href=\"https:\/\/www.cscp.org\/wp-content\/uploads\/2020\/05\/logo_csr_digital.svg\"><img loading=\"lazy\" decoding=\"async\" class=\"size-full wp-image-5840 alignright\" src=\"https:\/\/www.cscp.org\/wp-content\/uploads\/2020\/05\/logo_csr_digital.svg\" alt=\"\" width=\"286\" height=\"129\" \/><\/a><\/h2>\n<h1>Live-Interviews<br \/>\nmit spannenden KMU aus NRW<\/h1>\n<p><strong>Digitalisierung und Nachhaltigkeit als Erfolgsfaktoren?<\/strong><\/p>\n<p>Die Corona-Pandemie f\u00fchrt zu einer rasanten Beschleunigung der digitalen Transformation, gleichzeitig bleibt der Druck hoch, die Wirtschaft nachhaltiger zu gestalten. Gerade KMU stellt das vor gro\u00dfe Herausforderungen.<\/p>\n<p>Das CSR.digital-Team hat daher kurzweilige Formate erarbeitet, die digital gut umsetzbar sind und den Erfahrungs- und Ideenaustasuch zum Thema digitale Verantwortung in NRW f\u00f6rdern. In regelm\u00e4\u00dfigen Live-Interviews werden wir deshalb mit Innovativen Unternehmen aus NRW diskutieren, wie sie die Corona-Krise meistern und welche Rolle sie dabei Digitalisierung und Nachhaltigkeit zuschreiben. Der Austausch ist auf 45 Minuten angelegt (20 Minuten Interview, 20 Minuten Q&amp;A, 5 Minuten Informationen) und passt so auch in vollgepackte Terminpl\u00e4ne.<\/p>\n<ul>\n<li>Den Anfang macht dabei der <strong>Rucksack- und Taschenhersteller<\/strong> <strong><a href=\"http:\/\/www.fondofbags.com\/#home\">Verliebt in<\/a><\/strong> aus K\u00f6ln am <strong>18. Juni von 16.00 bis 16.45 Uhr<\/strong>. Die Gr\u00fcnder von Fond Of sind au\u00dferdem Bauherren und Betreiber des digitalsten B\u00fcrogeb\u00e4udes Deutschlands <strong><a href=\"https:\/\/shipcologne.com\">Das Schiff K\u00f6ln<\/a><\/strong>.<br \/>\n<em><em>Stichworte: #Lieferkette in der Textilbranche, #Onlinehandel vs. Station\u00e4r, #Arbeiten in Deutschlands digitalstem B\u00fcrogeb\u00e4ude<\/em><\/em><\/li>\n<li>Schon am <strong>16. Juli von 16.00 bis 16.45 Uhr<\/strong> Wir freuen uns auf den Austausch mit dem Aachener <strong>E-Autohersteller<a href=\"https:\/\/www.e-go-mobile.com\/de\/services\/kundencenter\/\"> e.GO Mobile AG<\/a><\/strong>! e.GO Mobile produziert nicht nur erfolgreich elektrische Stadtflitzer, sondern erarbeitet auch innovative Mobilit\u00e4tskonzepte.<br \/>\n<em>Stichworte: #Elektromobilit\u00e4t, #Agiles Arbeiten, #St\u00e4dtische Mobilit\u00e4tskonzepte<\/em><\/li>\n<\/ul>\n<p>Wir freuen uns sehr auf inspirierende Gespr\u00e4che und hoffen, dass wir durch rege Teilnahme viel Aufmerksamkeit f\u00fcr die Themen generieren k\u00f6nnen!<\/p>\n<h3><strong>Online-Anmeldung f\u00fcr Live-Interviews<\/strong><\/h3>\n\n\t\t<\/div>\n\t<\/div>\n\n\t<div class=\"wpb_text_column wpb_content_element\" >\n\t\t<div class=\"wpb_wrapper\">\n\t\t\t\n\t\t<\/div>\n\t<\/div>\n\n\t<div class=\"wpb_text_column wpb_content_element\" >\n\t\t<div class=\"wpb_wrapper\">\n\t\t\t\n\t\t<\/div>\n\t<\/div>\n\n\t<div class=\"wpb_text_column wpb_content_element\" >\n\t\t<div class=\"wpb_wrapper\">\n\t\t\t\n<div class=\"wpcf7 no-js\" id=\"wpcf7-f6046-o1\" lang=\"en-GB\" dir=\"ltr\" data-wpcf7-id=\"6046\">\n<div class=\"screen-reader-response\"><p role=\"status\" aria-live=\"polite\" aria-atomic=\"true\"><\/p> <ul><\/ul><\/div>\n<form action=\"\/de\/wp-json\/wp\/v2\/pages\/6044#wpcf7-f6046-o1\" method=\"post\" class=\"wpcf7-form init\" aria-label=\"Kontakt-Formular\" novalidate=\"novalidate\" data-status=\"init\" data-trp-original-action=\"\/de\/wp-json\/wp\/v2\/pages\/6044#wpcf7-f6046-o1\">\n<fieldset class=\"hidden-fields-container\"><input type=\"hidden\" name=\"_wpcf7\" value=\"6046\" \/><input type=\"hidden\" name=\"_wpcf7_version\" value=\"6.1.5\" \/><input type=\"hidden\" name=\"_wpcf7_locale\" value=\"en_GB\" \/><input type=\"hidden\" name=\"_wpcf7_unit_tag\" value=\"wpcf7-f6046-o1\" \/><input type=\"hidden\" name=\"_wpcf7_container_post\" value=\"0\" \/><input type=\"hidden\" name=\"_wpcf7_posted_data_hash\" value=\"\" \/>\n<\/fieldset>\n<p>Bitte w\u00e4hlen Sie zun\u00e4chst das gew\u00fcnschte Live-Interview aus (sollten Sie Interesse an beiden Veranstaltungen haben, laden Sie die Seite bitte neu und wiederholen Sie einfach den Anmeldeprozess)*\n<\/p>\n<p><span class=\"wpcf7-form-control-wrap\" data-name=\"Auswahl\"><select class=\"wpcf7-form-control wpcf7-select wpcf7-validates-as-required\" aria-required=\"true\" aria-invalid=\"false\" name=\"Auswahl\"><option value=\"\">-Bitte w\u00e4hlen Sie eine Option-<\/option><option value=\"18. Juni, 16.00 bis 16.45 Uhr Fond Of\">18. Juni, 16.00 bis 16.45 Uhr Fond Of<\/option><option value=\"16. Juli, 16.00 bis 16.45 Uhr e.GO Mobile AG\">16. Juli, 16.00 bis 16.45 Uhr e.GO Mobile AG<\/option><\/select><\/span>\n<\/p>\n<p><span class=\"wpcf7-form-control-wrap\" data-name=\"name-123\"><input size=\"40\" maxlength=\"400\" class=\"wpcf7-form-control wpcf7-text wpcf7-validates-as-required\" aria-required=\"true\" aria-invalid=\"false\" placeholder=\"Vor- und Nachname*\" value=\"\" type=\"text\" name=\"name-123\" \/><\/span>\n<\/p>\n<p><span class=\"wpcf7-form-control-wrap\" data-name=\"email\"><input size=\"40\" maxlength=\"400\" class=\"wpcf7-form-control wpcf7-email wpcf7-validates-as-required wpcf7-text wpcf7-validates-as-email\" aria-required=\"true\" aria-invalid=\"false\" placeholder=\"E-Mail*\" value=\"\" type=\"email\" name=\"email\" \/><\/span>\n<\/p>\n<p><span class=\"wpcf7-form-control-wrap\" data-name=\"organisation\"><input size=\"40\" maxlength=\"400\" class=\"wpcf7-form-control wpcf7-text wpcf7-validates-as-required\" aria-required=\"true\" aria-invalid=\"false\" placeholder=\"Organisation*\" value=\"\" type=\"text\" name=\"organisation\" \/><\/span>\n<\/p>\n<p><span class=\"wpcf7-form-control-wrap\" data-name=\"tel\"><input size=\"40\" maxlength=\"400\" class=\"wpcf7-form-control wpcf7-tel wpcf7-validates-as-required wpcf7-text wpcf7-validates-as-tel\" aria-required=\"true\" aria-invalid=\"false\" placeholder=\"Telefon*\" value=\"\" type=\"tel\" name=\"tel\" \/><\/span><br \/>\n<span id=\"wpcf7-69f5e511c3716-wrapper\" class=\"wpcf7-form-control-wrap phone-wrap\" style=\"display:none !important; visibility:hidden !important;\"><label for=\"wpcf7-69f5e511c3716-field\" class=\"hp-message\">Bitte lassen Sie dieses Feld leer.<\/label><input id=\"wpcf7-69f5e511c3716-field\"  class=\"wpcf7-form-control wpcf7-text phone\" type=\"text\" name=\"phone\" value=\"\" size=\"40\" tabindex=\"-1\" autocomplete=\"new-password\" \/><\/span><span id=\"wpcf7-69f5e511c375b-wrapper\" class=\"wpcf7-form-control-wrap website-wrap\" style=\"display:none !important; visibility:hidden !important;\"><label for=\"wpcf7-69f5e511c375b-field\" class=\"hp-message\">Bitte lassen Sie dieses Feld leer.<\/label><input id=\"wpcf7-69f5e511c375b-field\"  class=\"wpcf7-form-control wpcf7-text website\" type=\"text\" name=\"website\" value=\"\" size=\"40\" tabindex=\"-1\" autocomplete=\"new-password\" \/><\/span>\n<\/p>\n<p><span class=\"wpcf7-form-control-wrap\" data-name=\"kommentar\"><textarea cols=\"40\" rows=\"10\" maxlength=\"125\" class=\"wpcf7-form-control wpcf7-textarea\" aria-invalid=\"false\" placeholder=\"Kommentar\" name=\"kommentar\"><\/textarea><\/span>\n<\/p>\n<p>Datenschutzbestimmungen:<br \/>\nWir speichern Ihre Daten nur f\u00fcr die oben genannte Veranstaltung. Wir werden Ihre Daten nicht verkaufen oder weitergeben. Sie k\u00f6nnen jederzeit die Einsicht, Bearbeitung oder L\u00f6schung Ihrer Daten verlangen. Bitte lesen Sie unsere <a href=\"https:\/\/www.cscp.org\/de\/datenschutz\/\">Datenschutzerkl\u00e4rung<\/a> f\u00fcr weitere Informationen.\n<\/p>\n<p><span class=\"wpcf7-form-control-wrap\" data-name=\"accept\"><span class=\"wpcf7-form-control wpcf7-acceptance\"><span class=\"wpcf7-list-item\"><label><input type=\"checkbox\" name=\"accept\" value=\"1\" aria-invalid=\"false\" \/><span class=\"wpcf7-list-item-label\">Ich akzeptiere die Datenschutzbestimmungen.<\/span><\/label><\/span><\/span><\/span>\n<\/p>\n<p>*Pflichtfeld\n<\/p>\n<p><input class=\"wpcf7-form-control wpcf7-submit has-spinner button\" type=\"submit\" value=\"Anmeldung absenden\" \/>\n<\/p><div class=\"wpcf7-response-output\" aria-hidden=\"true\"><\/div>\n<input type=\"hidden\" name=\"trp-form-language\" value=\"de\"\/><\/form>\n<\/div>\n\n\n\t\t<\/div>\n\t<\/div>\n<div class=\"vc_separator wpb_content_element vc_separator_align_center vc_sep_width_100 vc_sep_pos_align_center vc_separator_no_text vc_sep_color_black wpb_content_element  wpb_content_element\" ><span class=\"vc_sep_holder vc_sep_holder_l\"><span class=\"vc_sep_line\"><\/span><\/span><span class=\"vc_sep_holder vc_sep_holder_r\"><span class=\"vc_sep_line\"><\/span><\/span>\n<\/div><\/div><\/div><\/div><div class=\"wpb_column vc_column_container vc_col-md-2\"><div class=\"vc_column-inner\"><div class=\"wpb_wrapper\"><\/div><\/div><\/div><\/div><div class=\"vc_row wpb_row vc_row-fluid\"><div class=\"wpb_column vc_column_container vc_col-md-12\"><div class=\"vc_column-inner\"><div class=\"wpb_wrapper\"><\/div><\/div><\/div><\/div>\n<\/div>","protected":false},"excerpt":{"rendered":"Live-Interviews mit spannenden KMU aus NRW Digitalisierung und Nachhaltigkeit als Erfolgsfaktoren? Die Corona-Pandemie f\u00fchrt zu einer rasanten Beschleunigung der digitalen Transformation, gleichzeitig bleibt der Druck hoch, die Wirtschaft nachhaltiger zu gestalten. Gerade KMU stellt das vor gro\u00dfe Herausforderungen. Das CSR.digital-Team hat daher kurzweilige Formate erarbeitet, die digital gut umsetzbar sind und den Erfahrungs- und Ideenaustasuch [...]","protected":false},"author":12,"featured_media":0,"parent":0,"menu_order":0,"comment_status":"closed","ping_status":"closed","template":"","meta":{"_acf_changed":false,"footnotes":""},"class_list":["post-6044","page","type-page","status-publish","hentry"],"acf":[],"_links":{"self":[{"href":"https:\/\/www.cscp.org\/de\/wp-json\/wp\/v2\/pages\/6044","targetHints":{"allow":["GET"]}}],"collection":[{"href":"https:\/\/www.cscp.org\/de\/wp-json\/wp\/v2\/pages"}],"about":[{"href":"https:\/\/www.cscp.org\/de\/wp-json\/wp\/v2\/types\/page"}],"author":[{"embeddable":true,"href":"https:\/\/www.cscp.org\/de\/wp-json\/wp\/v2\/users\/12"}],"replies":[{"embeddable":true,"href":"https:\/\/www.cscp.org\/de\/wp-json\/wp\/v2\/comments?post=6044"}],"version-history":[{"count":0,"href":"https:\/\/www.cscp.org\/de\/wp-json\/wp\/v2\/pages\/6044\/revisions"}],"wp:attachment":[{"href":"https:\/\/www.cscp.org\/de\/wp-json\/wp\/v2\/media?parent=6044"}],"curies":[{"name":"wp","href":"https:\/\/api.w.org\/{rel}","templated":true}]}}